{"id":71,"date":"2025-06-25T09:20:26","date_gmt":"2025-06-25T09:20:26","guid":{"rendered":"https:\/\/pakicatkombetare.al\/?page_id=71"},"modified":"2025-06-25T10:15:09","modified_gmt":"2025-06-25T10:15:09","slug":"anetaret","status":"publish","type":"page","link":"https:\/\/pakicatkombetare.al\/en\/anetaret\/","title":{"rendered":"Members"},"content":{"rendered":"[et_pb_section admin_label=&#8221;section&#8221;]\n\t\t\t[et_pb_row admin_label=&#8221;row&#8221;]\n\t\t\t\t[et_pb_column type=&#8221;4_4&#8243;][et_pb_text admin_label=&#8221;Text&#8221;][\/et_pb_text][\/et_pb_column]\n\t\t\t[\/et_pb_row]\n\t\t[\/et_pb_section]","protected":false},"excerpt":{"rendered":"","protected":false},"author":1,"featured_media":0,"parent":0,"menu_order":0,"comment_status":"closed","ping_status":"closed","template":"","meta":{"_et_pb_use_builder":"on","_et_pb_old_content":"<!-- wp:divi\/placeholder \/-->","_et_gb_content_width":"","footnotes":""},"dipi_cpt_category":[],"class_list":["post-71","page","type-page","status-publish","hentry"],"yoast_head":"<!-- This site is optimized with the Yoast SEO plugin v25.5 - https:\/\/yoast.com\/wordpress\/plugins\/seo\/ -->\n<title>An\u00ebtar\u00ebt - Pakicat Komb\u00ebtare n\u00eb Shqip\u00ebri<\/title>\n<meta name=\"robots\" content=\"index, follow, max-snippet:-1, max-image-preview:large, max-video-preview:-1\" \/>\n<link rel=\"canonical\" href=\"https:\/\/pakicatkombetare.al\/en\/anetaret\/\" \/>\n<meta property=\"og:locale\" content=\"en_US\" \/>\n<meta property=\"og:type\" content=\"article\" \/>\n<meta property=\"og:title\" content=\"An\u00ebtar\u00ebt - Pakicat Komb\u00ebtare n\u00eb Shqip\u00ebri\" \/>\n<meta property=\"og:url\" content=\"https:\/\/pakicatkombetare.al\/en\/anetaret\/\" \/>\n<meta property=\"og:site_name\" content=\"Pakicat Komb\u00ebtare n\u00eb Shqip\u00ebri\" \/>\n<meta property=\"article:modified_time\" content=\"2025-06-25T10:15:09+00:00\" \/>\n<meta name=\"twitter:card\" content=\"summary_large_image\" \/>\n<script type=\"application\/ld+json\" class=\"yoast-schema-graph\">{\"@context\":\"https:\/\/schema.org\",\"@graph\":[{\"@type\":\"WebPage\",\"@id\":\"https:\/\/pakicatkombetare.al\/anetaret\/\",\"url\":\"https:\/\/pakicatkombetare.al\/anetaret\/\",\"name\":\"An\u00ebtar\u00ebt - Pakicat Komb\u00ebtare n\u00eb Shqip\u00ebri\",\"isPartOf\":{\"@id\":\"https:\/\/pakicatkombetare.al\/#website\"},\"datePublished\":\"2025-06-25T09:20:26+00:00\",\"dateModified\":\"2025-06-25T10:15:09+00:00\",\"breadcrumb\":{\"@id\":\"https:\/\/pakicatkombetare.al\/anetaret\/#breadcrumb\"},\"inLanguage\":\"en-US\",\"potentialAction\":[{\"@type\":\"ReadAction\",\"target\":[\"https:\/\/pakicatkombetare.al\/anetaret\/\"]}]},{\"@type\":\"BreadcrumbList\",\"@id\":\"https:\/\/pakicatkombetare.al\/anetaret\/#breadcrumb\",\"itemListElement\":[{\"@type\":\"ListItem\",\"position\":1,\"name\":\"Home\",\"item\":\"https:\/\/pakicatkombetare.al\/\"},{\"@type\":\"ListItem\",\"position\":2,\"name\":\"An\u00ebtar\u00ebt\"}]},{\"@type\":\"WebSite\",\"@id\":\"https:\/\/pakicatkombetare.al\/#website\",\"url\":\"https:\/\/pakicatkombetare.al\/\",\"name\":\"Pakicat Komb\u00ebtare n\u00eb Shqip\u00ebri\",\"description\":\"\",\"potentialAction\":[{\"@type\":\"SearchAction\",\"target\":{\"@type\":\"EntryPoint\",\"urlTemplate\":\"https:\/\/pakicatkombetare.al\/?s={search_term_string}\"},\"query-input\":{\"@type\":\"PropertyValueSpecification\",\"valueRequired\":true,\"valueName\":\"search_term_string\"}}],\"inLanguage\":\"en-US\"}]}<\/script>\n<!-- \/ Yoast SEO plugin. -->","yoast_head_json":{"title":"An\u00ebtar\u00ebt - Pakicat Komb\u00ebtare n\u00eb Shqip\u00ebri","robots":{"index":"index","follow":"follow","max-snippet":"max-snippet:-1","max-image-preview":"max-image-preview:large","max-video-preview":"max-video-preview:-1"},"canonical":"https:\/\/pakicatkombetare.al\/en\/anetaret\/","og_locale":"en_US","og_type":"article","og_title":"An\u00ebtar\u00ebt - Pakicat Komb\u00ebtare n\u00eb Shqip\u00ebri","og_url":"https:\/\/pakicatkombetare.al\/en\/anetaret\/","og_site_name":"Pakicat Komb\u00ebtare n\u00eb Shqip\u00ebri","article_modified_time":"2025-06-25T10:15:09+00:00","twitter_card":"summary_large_image","schema":{"@context":"https:\/\/schema.org","@graph":[{"@type":"WebPage","@id":"https:\/\/pakicatkombetare.al\/anetaret\/","url":"https:\/\/pakicatkombetare.al\/anetaret\/","name":"An\u00ebtar\u00ebt - Pakicat Komb\u00ebtare n\u00eb Shqip\u00ebri","isPartOf":{"@id":"https:\/\/pakicatkombetare.al\/#website"},"datePublished":"2025-06-25T09:20:26+00:00","dateModified":"2025-06-25T10:15:09+00:00","breadcrumb":{"@id":"https:\/\/pakicatkombetare.al\/anetaret\/#breadcrumb"},"inLanguage":"en-US","potentialAction":[{"@type":"ReadAction","target":["https:\/\/pakicatkombetare.al\/anetaret\/"]}]},{"@type":"BreadcrumbList","@id":"https:\/\/pakicatkombetare.al\/anetaret\/#breadcrumb","itemListElement":[{"@type":"ListItem","position":1,"name":"Home","item":"https:\/\/pakicatkombetare.al\/"},{"@type":"ListItem","position":2,"name":"An\u00ebtar\u00ebt"}]},{"@type":"WebSite","@id":"https:\/\/pakicatkombetare.al\/#website","url":"https:\/\/pakicatkombetare.al\/","name":"Pakicat Komb\u00ebtare n\u00eb Shqip\u00ebri","description":"","potentialAction":[{"@type":"SearchAction","target":{"@type":"EntryPoint","urlTemplate":"https:\/\/pakicatkombetare.al\/?s={search_term_string}"},"query-input":{"@type":"PropertyValueSpecification","valueRequired":true,"valueName":"search_term_string"}}],"inLanguage":"en-US"}]}},"rttpg_featured_image_url":null,"rttpg_author":{"display_name":"admin","author_link":"https:\/\/pakicatkombetare.al\/en\/author\/admin\/"},"rttpg_comment":0,"rttpg_category":false,"rttpg_excerpt":null,"_links":{"self":[{"href":"https:\/\/pakicatkombetare.al\/en\/wp-json\/wp\/v2\/pages\/71","targetHints":{"allow":["GET"]}}],"collection":[{"href":"https:\/\/pakicatkombetare.al\/en\/wp-json\/wp\/v2\/pages"}],"about":[{"href":"https:\/\/pakicatkombetare.al\/en\/wp-json\/wp\/v2\/types\/page"}],"author":[{"embeddable":true,"href":"https:\/\/pakicatkombetare.al\/en\/wp-json\/wp\/v2\/users\/1"}],"replies":[{"embeddable":true,"href":"https:\/\/pakicatkombetare.al\/en\/wp-json\/wp\/v2\/comments?post=71"}],"version-history":[{"count":0,"href":"https:\/\/pakicatkombetare.al\/en\/wp-json\/wp\/v2\/pages\/71\/revisions"}],"wp:attachment":[{"href":"https:\/\/pakicatkombetare.al\/en\/wp-json\/wp\/v2\/media?parent=71"}],"wp:term":[{"taxonomy":"dipi_cpt_category","embeddable":true,"href":"https:\/\/pakicatkombetare.al\/en\/wp-json\/wp\/v2\/dipi_cpt_category?post=71"}],"curies":[{"name":"wp","href":"https:\/\/api.w.org\/{rel}","templated":true}]}}