{"id":42,"date":"2025-06-25T09:14:32","date_gmt":"2025-06-25T09:14:32","guid":{"rendered":"https:\/\/pakicatkombetare.al\/?page_id=42"},"modified":"2025-07-31T08:48:03","modified_gmt":"2025-07-31T08:48:03","slug":"misioni-pakicat-ne-shqiperi","status":"publish","type":"page","link":"https:\/\/pakicatkombetare.al\/en\/misioni-pakicat-ne-shqiperi\/","title":{"rendered":"Mission"},"content":{"rendered":"<p>The mission of the Committee on National Minorities is to ensure the exercise of the specific rights of individuals belonging to a national minority, including cultural, ethnic, linguistic, religious, or traditional rights, which are necessary for the protection of the distinctive identity of national minorities. These rights are considered an essential component of an integrated society and serve to guarantee non-discrimination and full equality before the law.<\/p>\n\n\n\n<p>Komiteti p\u00ebr Pakicat Komb\u00ebtare \u00ebsht\u00eb krijuar me&nbsp;<strong>Ligjin 96\/2017 \u201cP\u00ebr mbrojtjen e Pakicave Komb\u00ebtare n\u00eb&nbsp;&nbsp;Republik\u00ebn e Shqip\u00ebris\u00eb\u201d<\/strong>.&nbsp;&nbsp;Komiteti ka q\u00ebllim sigurimin e mbrojtjes dhe promovimit t\u00eb t\u00eb drejtave dhe t\u00eb interesave t\u00eb pakicave komb\u00ebtare n\u00eb RSH. Ai \u00ebsht\u00eb institucion q\u00ebndror n\u00eb var\u00ebsi t\u00eb Kryeministrit dhe p\u00ebrb\u00ebhet nga Kryetari, N\u00ebnkryetari dhe 9 an\u00ebtar\u00eb. Mund t\u00eb lexoni mbi misionin ton\u00eb m\u00eb qart\u00eb n\u00eb faqen&nbsp;<a href=\"https:\/\/pakicatkombetare.al\/en\/misioni\/\">Mission<\/a>.<\/p>\n\n\n\n<p>Pakicat komb\u00ebtare n\u00eb Republik\u00ebn e Shqip\u00ebris\u00eb jan\u00eb pakicat greke, maqedonase, arumune, rome, egjiptiane, malazeze, boshnjake, serbe dhe bullgare. Komiteti p\u00ebr Pakicat Komb\u00ebtare \u00ebsht\u00eb organ konsultativ i qeveris\u00eb n\u00eb lidhje me c\u00ebshtjet dhe problematikat q\u00eb kan\u00eb t\u00eb b\u00ebjne me t\u00eb drejtat e pakicave komb\u00ebtare n\u00eb Shqip\u00ebri. Komiteti ka t\u00eb drejt\u00eb t\u2019i propozoj\u00eb organeve shtet\u00ebrore \u00e7\u00ebshtje t\u00eb r\u00ebnd\u00ebsis\u00eb s\u00eb ve\u00e7ant\u00eb p\u00ebr pakicat, ve\u00e7an\u00ebrisht p\u00ebrsa i takon zbatimit t\u00eb detyrimeve kushtetuese. Si dhe t\u00eb akteve t\u00eb tjera t\u00eb ve\u00e7anta q\u00eb rregullojn\u00eb t\u00eb drejtat dhe lirit\u00eb e personave q\u00eb u p\u00ebrkasin k\u00ebtyre pakicave. Gjithashtu ka t\u00eb drejte t\u2019i propozoj\u00eb organeve t\u00eb pushtetit, qendror dhe vendor masat e mundshme. Po ashtu dhe konkrete p\u00ebr p\u00ebrmir\u00ebsimin e nivelit te t\u00eb drejtave t\u00eb pakicave komb\u00ebtare. Ndiqni aktivitetet dhe eventet mbi pakicat komb\u00ebtare n\u00eb Shqip\u00ebri n\u00ebp\u00ebrmjet&nbsp;<a href=\"https:\/\/www.facebook.com\/people\/Komiteti-p%C3%ABr-Pakicat-Komb%C3%ABtare-n%C3%AB-Republik%C3%ABn-e-Shqip%C3%ABris%C3%AB\/100080124643028\/\">Social Platform<\/a>.<\/p>\n\n\n\n<p><\/p>\n\n\n\n<figure class=\"wp-block-embed is-type-wp-embed is-provider-pakicat-komb-tare-n-shqip-ri wp-block-embed-pakicat-komb-tare-n-shqip-ri\"><div class=\"wp-block-embed__wrapper\">\nhttps:\/\/pakicatkombetare.al\/misioni\n<\/div><\/figure>\n\n\n\n<p><a href=\"https:\/\/www.facebook.com\/people\/Komiteti-p%C3%ABr-Pakicat-Komb%C3%ABtare-n%C3%AB-Republik%C3%ABn-e-Shqip%C3%ABris%C3%AB\/100080124643028\">https:\/\/www.facebook.com\/people\/Komiteti-p%C3%ABr-Pakicat-Komb%C3%ABtare-n%C3%AB-Republik%C3%ABn-e-Shqip%C3%ABris%C3%AB\/100080124643028<\/a><\/p>\n\n\n\n<figure class=\"wp-block-gallery has-nested-images columns-default is-cropped wp-block-gallery-1 is-layout-flex wp-block-gallery-is-layout-flex\">\n<figure class=\"wp-block-image size-large\"><img loading=\"lazy\" decoding=\"async\" width=\"721\" height=\"667\" data-id=\"32\" src=\"https:\/\/pakicatkombetare.al\/wp-content\/uploads\/2025\/06\/1Asset-3-80.jpg\" alt=\"Pakicat Komb\u00ebtare n\u00eb Shqip\u00ebri Aktivitet me Organizaten e Sigurimit dhe Bashkepunimit ne Europe\" class=\"wp-image-32\" srcset=\"https:\/\/pakicatkombetare.al\/wp-content\/uploads\/2025\/06\/1Asset-3-80.jpg 721w, https:\/\/pakicatkombetare.al\/wp-content\/uploads\/2025\/06\/1Asset-3-80-480x444.jpg 480w\" sizes=\"auto, (min-width: 0px) and (max-width: 480px) 480px, (min-width: 481px) 721px, 100vw\" \/><\/figure>\n\n\n\n<figure class=\"wp-block-image size-large\"><img loading=\"lazy\" decoding=\"async\" width=\"855\" height=\"667\" data-id=\"31\" src=\"https:\/\/pakicatkombetare.al\/wp-content\/uploads\/2025\/06\/1Asset-2-80.jpg\" alt=\"Pakicat Komb\u00ebtare n\u00eb Shqip\u00ebri\" class=\"wp-image-31\" srcset=\"https:\/\/pakicatkombetare.al\/wp-content\/uploads\/2025\/06\/1Asset-2-80.jpg 855w, https:\/\/pakicatkombetare.al\/wp-content\/uploads\/2025\/06\/1Asset-2-80-480x374.jpg 480w\" sizes=\"auto, (min-width: 0px) and (max-width: 480px) 480px, (min-width: 481px) 855px, 100vw\" \/><\/figure>\n<\/figure>\n\n\n\n<figure class=\"wp-block-embed is-type-wp-embed is-provider-pakicat-komb-tare-n-shqip-ri wp-block-embed-pakicat-komb-tare-n-shqip-ri\"><div class=\"wp-block-embed__wrapper\">\n<blockquote class=\"wp-embedded-content\" data-secret=\"LQWdHVqxCH\"><a href=\"https:\/\/pakicatkombetare.al\/en\/pakicat-kombetare-greke\/\">Greek National Minority<\/a><\/blockquote><iframe loading=\"lazy\" class=\"wp-embedded-content\" sandbox=\"allow-scripts\" security=\"restricted\" style=\"position: absolute; visibility: hidden;\" title=\"&#8220;Pakicat Komb\u00ebtare Greke&#8221; &#8212; Pakicat Komb\u00ebtare n\u00eb Shqip\u00ebri\" src=\"https:\/\/pakicatkombetare.al\/pakicat-kombetare-greke\/embed\/#?secret=xLKyKeVFEB#?secret=LQWdHVqxCH\" data-secret=\"LQWdHVqxCH\" width=\"600\" height=\"338\" frameborder=\"0\" marginwidth=\"0\" marginheight=\"0\" scrolling=\"no\"><\/iframe>\n<\/div><\/figure>","protected":false},"excerpt":{"rendered":"<p>Misioni i Komitetit p\u00ebr Pakicat Komb\u00ebtare \u00ebsht\u00eb t\u00eb siguroj\u00eb ushtrimin e t\u00eb drejtave specifike t\u00eb personave q\u00eb u p\u00ebrkasin nj\u00eb pakice komb\u00ebtare, p\u00ebrfshir\u00eb k\u00ebtu t\u00eb drejtat kulturore, etnike, gjuh\u00ebsore, fetare ose tradicionale t\u00eb cilat jan\u00eb t\u00eb nevojshme p\u00ebr mbrojtjen e identitetit dallues t\u00eb pakicave komb\u00ebtare, si nj\u00eb p\u00ebrb\u00ebr\u00ebs thelb\u00ebsor i nj\u00eb shoq\u00ebrie t\u00eb integruar dhe [&hellip;]<\/p>","protected":false},"author":1,"featured_media":0,"parent":0,"menu_order":0,"comment_status":"closed","ping_status":"closed","template":"","meta":{"_et_pb_use_builder":"off","_et_pb_old_content":"<!-- wp:divi\/placeholder \/-->","_et_gb_content_width":"","footnotes":""},"dipi_cpt_category":[],"class_list":["post-42","page","type-page","status-publish","hentry"],"yoast_head":"<!-- This site is optimized with the Yoast SEO plugin v25.5 - https:\/\/yoast.com\/wordpress\/plugins\/seo\/ -->\n<title>Pakica N\u00eb Shqip\u00ebri &amp; Misioni - Pakicat Komb\u00ebtare n\u00eb Shqip\u00ebri<\/title>\n<meta name=\"description\" content=\"Pakica N\u00eb Shqip\u00ebri dhe Misioni i Komitetit p\u00ebr pakicat komb\u00ebtare. Lexoni m\u00eb shum\u00eb informacion mbi kompetencat dhe misionin.\" \/>\n<meta name=\"robots\" content=\"index, follow, max-snippet:-1, max-image-preview:large, max-video-preview:-1\" \/>\n<link rel=\"canonical\" href=\"https:\/\/pakicatkombetare.al\/en\/misioni-pakicat-ne-shqiperi\/\" \/>\n<meta property=\"og:locale\" content=\"en_US\" \/>\n<meta property=\"og:type\" content=\"article\" \/>\n<meta property=\"og:title\" content=\"Pakica N\u00eb Shqip\u00ebri &amp; Misioni - Pakicat Komb\u00ebtare n\u00eb Shqip\u00ebri\" \/>\n<meta property=\"og:description\" content=\"Pakica N\u00eb Shqip\u00ebri dhe Misioni i Komitetit p\u00ebr pakicat komb\u00ebtare. Lexoni m\u00eb shum\u00eb informacion mbi kompetencat dhe misionin.\" \/>\n<meta property=\"og:url\" content=\"https:\/\/pakicatkombetare.al\/en\/misioni-pakicat-ne-shqiperi\/\" \/>\n<meta property=\"og:site_name\" content=\"Pakicat Komb\u00ebtare n\u00eb Shqip\u00ebri\" \/>\n<meta property=\"article:modified_time\" content=\"2025-07-31T08:48:03+00:00\" \/>\n<meta property=\"og:image\" content=\"https:\/\/pakicatkombetare.al\/wp-content\/uploads\/2025\/06\/1Asset-3-80.jpg\" \/>\n\t<meta property=\"og:image:width\" content=\"721\" \/>\n\t<meta property=\"og:image:height\" content=\"667\" \/>\n\t<meta property=\"og:image:type\" content=\"image\/jpeg\" \/>\n<meta name=\"twitter:card\" content=\"summary_large_image\" \/>\n<meta name=\"twitter:label1\" content=\"Est. reading time\" \/>\n\t<meta name=\"twitter:data1\" content=\"2 minutes\" \/>\n<script type=\"application\/ld+json\" class=\"yoast-schema-graph\">{\"@context\":\"https:\/\/schema.org\",\"@graph\":[{\"@type\":\"WebPage\",\"@id\":\"https:\/\/pakicatkombetare.al\/misioni-pakicat-ne-shqiperi\/\",\"url\":\"https:\/\/pakicatkombetare.al\/misioni-pakicat-ne-shqiperi\/\",\"name\":\"Pakica N\u00eb Shqip\u00ebri & Misioni - Pakicat Komb\u00ebtare n\u00eb Shqip\u00ebri\",\"isPartOf\":{\"@id\":\"https:\/\/pakicatkombetare.al\/#website\"},\"primaryImageOfPage\":{\"@id\":\"https:\/\/pakicatkombetare.al\/misioni-pakicat-ne-shqiperi\/#primaryimage\"},\"image\":{\"@id\":\"https:\/\/pakicatkombetare.al\/misioni-pakicat-ne-shqiperi\/#primaryimage\"},\"thumbnailUrl\":\"https:\/\/pakicatkombetare.al\/wp-content\/uploads\/2025\/06\/1Asset-3-80.jpg\",\"datePublished\":\"2025-06-25T09:14:32+00:00\",\"dateModified\":\"2025-07-31T08:48:03+00:00\",\"description\":\"Pakica N\u00eb Shqip\u00ebri dhe Misioni i Komitetit p\u00ebr pakicat komb\u00ebtare. Lexoni m\u00eb shum\u00eb informacion mbi kompetencat dhe misionin.\",\"breadcrumb\":{\"@id\":\"https:\/\/pakicatkombetare.al\/misioni-pakicat-ne-shqiperi\/#breadcrumb\"},\"inLanguage\":\"en-US\",\"potentialAction\":[{\"@type\":\"ReadAction\",\"target\":[\"https:\/\/pakicatkombetare.al\/misioni-pakicat-ne-shqiperi\/\"]}]},{\"@type\":\"ImageObject\",\"inLanguage\":\"en-US\",\"@id\":\"https:\/\/pakicatkombetare.al\/misioni-pakicat-ne-shqiperi\/#primaryimage\",\"url\":\"https:\/\/pakicatkombetare.al\/wp-content\/uploads\/2025\/06\/1Asset-3-80.jpg\",\"contentUrl\":\"https:\/\/pakicatkombetare.al\/wp-content\/uploads\/2025\/06\/1Asset-3-80.jpg\"},{\"@type\":\"BreadcrumbList\",\"@id\":\"https:\/\/pakicatkombetare.al\/misioni-pakicat-ne-shqiperi\/#breadcrumb\",\"itemListElement\":[{\"@type\":\"ListItem\",\"position\":1,\"name\":\"Home\",\"item\":\"https:\/\/pakicatkombetare.al\/\"},{\"@type\":\"ListItem\",\"position\":2,\"name\":\"Misioni\"}]},{\"@type\":\"WebSite\",\"@id\":\"https:\/\/pakicatkombetare.al\/#website\",\"url\":\"https:\/\/pakicatkombetare.al\/\",\"name\":\"Pakicat Komb\u00ebtare n\u00eb Shqip\u00ebri\",\"description\":\"\",\"potentialAction\":[{\"@type\":\"SearchAction\",\"target\":{\"@type\":\"EntryPoint\",\"urlTemplate\":\"https:\/\/pakicatkombetare.al\/?s={search_term_string}\"},\"query-input\":{\"@type\":\"PropertyValueSpecification\",\"valueRequired\":true,\"valueName\":\"search_term_string\"}}],\"inLanguage\":\"en-US\"}]}<\/script>\n<!-- \/ Yoast SEO plugin. -->","yoast_head_json":{"title":"Pakica N\u00eb Shqip\u00ebri & Misioni - Pakicat Komb\u00ebtare n\u00eb Shqip\u00ebri","description":"Pakica N\u00eb Shqip\u00ebri dhe Misioni i Komitetit p\u00ebr pakicat komb\u00ebtare. Lexoni m\u00eb shum\u00eb informacion mbi kompetencat dhe misionin.","robots":{"index":"index","follow":"follow","max-snippet":"max-snippet:-1","max-image-preview":"max-image-preview:large","max-video-preview":"max-video-preview:-1"},"canonical":"https:\/\/pakicatkombetare.al\/en\/misioni-pakicat-ne-shqiperi\/","og_locale":"en_US","og_type":"article","og_title":"Pakica N\u00eb Shqip\u00ebri & Misioni - Pakicat Komb\u00ebtare n\u00eb Shqip\u00ebri","og_description":"Pakica N\u00eb Shqip\u00ebri dhe Misioni i Komitetit p\u00ebr pakicat komb\u00ebtare. Lexoni m\u00eb shum\u00eb informacion mbi kompetencat dhe misionin.","og_url":"https:\/\/pakicatkombetare.al\/en\/misioni-pakicat-ne-shqiperi\/","og_site_name":"Pakicat Komb\u00ebtare n\u00eb Shqip\u00ebri","article_modified_time":"2025-07-31T08:48:03+00:00","og_image":[{"width":721,"height":667,"url":"https:\/\/pakicatkombetare.al\/wp-content\/uploads\/2025\/06\/1Asset-3-80.jpg","type":"image\/jpeg"}],"twitter_card":"summary_large_image","twitter_misc":{"Est. reading time":"2 minutes"},"schema":{"@context":"https:\/\/schema.org","@graph":[{"@type":"WebPage","@id":"https:\/\/pakicatkombetare.al\/misioni-pakicat-ne-shqiperi\/","url":"https:\/\/pakicatkombetare.al\/misioni-pakicat-ne-shqiperi\/","name":"Pakica N\u00eb Shqip\u00ebri & Misioni - Pakicat Komb\u00ebtare n\u00eb Shqip\u00ebri","isPartOf":{"@id":"https:\/\/pakicatkombetare.al\/#website"},"primaryImageOfPage":{"@id":"https:\/\/pakicatkombetare.al\/misioni-pakicat-ne-shqiperi\/#primaryimage"},"image":{"@id":"https:\/\/pakicatkombetare.al\/misioni-pakicat-ne-shqiperi\/#primaryimage"},"thumbnailUrl":"https:\/\/pakicatkombetare.al\/wp-content\/uploads\/2025\/06\/1Asset-3-80.jpg","datePublished":"2025-06-25T09:14:32+00:00","dateModified":"2025-07-31T08:48:03+00:00","description":"Pakica N\u00eb Shqip\u00ebri dhe Misioni i Komitetit p\u00ebr pakicat komb\u00ebtare. Lexoni m\u00eb shum\u00eb informacion mbi kompetencat dhe misionin.","breadcrumb":{"@id":"https:\/\/pakicatkombetare.al\/misioni-pakicat-ne-shqiperi\/#breadcrumb"},"inLanguage":"en-US","potentialAction":[{"@type":"ReadAction","target":["https:\/\/pakicatkombetare.al\/misioni-pakicat-ne-shqiperi\/"]}]},{"@type":"ImageObject","inLanguage":"en-US","@id":"https:\/\/pakicatkombetare.al\/misioni-pakicat-ne-shqiperi\/#primaryimage","url":"https:\/\/pakicatkombetare.al\/wp-content\/uploads\/2025\/06\/1Asset-3-80.jpg","contentUrl":"https:\/\/pakicatkombetare.al\/wp-content\/uploads\/2025\/06\/1Asset-3-80.jpg"},{"@type":"BreadcrumbList","@id":"https:\/\/pakicatkombetare.al\/misioni-pakicat-ne-shqiperi\/#breadcrumb","itemListElement":[{"@type":"ListItem","position":1,"name":"Home","item":"https:\/\/pakicatkombetare.al\/"},{"@type":"ListItem","position":2,"name":"Misioni"}]},{"@type":"WebSite","@id":"https:\/\/pakicatkombetare.al\/#website","url":"https:\/\/pakicatkombetare.al\/","name":"Pakicat Komb\u00ebtare n\u00eb Shqip\u00ebri","description":"","potentialAction":[{"@type":"SearchAction","target":{"@type":"EntryPoint","urlTemplate":"https:\/\/pakicatkombetare.al\/?s={search_term_string}"},"query-input":{"@type":"PropertyValueSpecification","valueRequired":true,"valueName":"search_term_string"}}],"inLanguage":"en-US"}]}},"rttpg_featured_image_url":null,"rttpg_author":{"display_name":"admin","author_link":"https:\/\/pakicatkombetare.al\/en\/author\/admin\/"},"rttpg_comment":0,"rttpg_category":false,"rttpg_excerpt":"Misioni i Komitetit p\u00ebr Pakicat Komb\u00ebtare \u00ebsht\u00eb t\u00eb siguroj\u00eb ushtrimin e t\u00eb drejtave specifike t\u00eb personave q\u00eb u p\u00ebrkasin nj\u00eb pakice komb\u00ebtare, p\u00ebrfshir\u00eb k\u00ebtu t\u00eb drejtat kulturore, etnike, gjuh\u00ebsore, fetare ose tradicionale t\u00eb cilat jan\u00eb t\u00eb nevojshme p\u00ebr mbrojtjen e identitetit dallues t\u00eb pakicave komb\u00ebtare, si nj\u00eb p\u00ebrb\u00ebr\u00ebs thelb\u00ebsor i nj\u00eb shoq\u00ebrie t\u00eb integruar dhe&hellip;","_links":{"self":[{"href":"https:\/\/pakicatkombetare.al\/en\/wp-json\/wp\/v2\/pages\/42","targetHints":{"allow":["GET"]}}],"collection":[{"href":"https:\/\/pakicatkombetare.al\/en\/wp-json\/wp\/v2\/pages"}],"about":[{"href":"https:\/\/pakicatkombetare.al\/en\/wp-json\/wp\/v2\/types\/page"}],"author":[{"embeddable":true,"href":"https:\/\/pakicatkombetare.al\/en\/wp-json\/wp\/v2\/users\/1"}],"replies":[{"embeddable":true,"href":"https:\/\/pakicatkombetare.al\/en\/wp-json\/wp\/v2\/comments?post=42"}],"version-history":[{"count":0,"href":"https:\/\/pakicatkombetare.al\/en\/wp-json\/wp\/v2\/pages\/42\/revisions"}],"wp:attachment":[{"href":"https:\/\/pakicatkombetare.al\/en\/wp-json\/wp\/v2\/media?parent=42"}],"wp:term":[{"taxonomy":"dipi_cpt_category","embeddable":true,"href":"https:\/\/pakicatkombetare.al\/en\/wp-json\/wp\/v2\/dipi_cpt_category?post=42"}],"curies":[{"name":"wp","href":"https:\/\/api.w.org\/{rel}","templated":true}]}}