{"id":317,"date":"2025-06-26T08:23:23","date_gmt":"2025-06-26T08:23:23","guid":{"rendered":"https:\/\/pakicatkombetare.al\/?page_id=317"},"modified":"2025-07-30T09:47:14","modified_gmt":"2025-07-30T09:47:14","slug":"pakicat-kombetare-serbe","status":"publish","type":"page","link":"https:\/\/pakicatkombetare.al\/en\/pakicat-kombetare-serbe\/","title":{"rendered":"Serbian National Minority"},"content":{"rendered":"[et_pb_section fb_built=&#8221;1&#8243; disabled_on=&#8221;on|off|off&#8221; _builder_version=&#8221;4.24.0&#8243; _module_preset=&#8221;default&#8221; background_image=&#8221;https:\/\/pakicatkombetare.al\/wp-content\/uploads\/2025\/06\/pakica-serbe-banner-01-scaled.jpg&#8221; background_position=&#8221;top_right&#8221; background_vertical_offset=&#8221;27%&#8221; custom_margin=&#8221;0px||||false|false&#8221; custom_padding=&#8221;19px||223px||false|false&#8221; locked=&#8221;off&#8221; global_colors_info=&#8221;{}&#8221;][et_pb_row make_equal=&#8221;on&#8221; _builder_version=&#8221;4.27.4&#8243; _module_preset=&#8221;default&#8221; width=&#8221;100%&#8221; max_width=&#8221;1389px&#8221; custom_margin=&#8221;150px|auto||208px|false|false&#8221; global_colors_info=&#8221;{}&#8221;][et_pb_column type=&#8221;4_4&#8243; _builder_version=&#8221;4.27.4&#8243; _module_preset=&#8221;default&#8221; global_colors_info=&#8221;{}&#8221;][et_pb_text _builder_version=&#8221;4.24.0&#8243; _module_preset=&#8221;default&#8221; header_font_size=&#8221;62px&#8221; custom_margin=&#8221;|||33px|false|false&#8221; locked=&#8221;off&#8221; global_colors_info=&#8221;{}&#8221;]<h1 class=\"dsm-dual-heading-main et_pb_module_header translation-block\"><span style=\"color: #ffffff\"><strong>Serbian<\/strong> National Minority<\/span><\/h1>[\/et_pb_text][\/et_pb_column][\/et_pb_row][\/et_pb_section][et_pb_section fb_built=&#8221;1&#8243; disabled_on=&#8221;on|off|off&#8221; _builder_version=&#8221;4.24.0&#8243; _module_preset=&#8221;default&#8221; background_color=&#8221;#f9f4f4&#8243; custom_margin=&#8221;-98px|||||&#8221; custom_padding=&#8221;121px||320px|||&#8221; border_radii=&#8221;off|70px|44px||&#8221; locked=&#8221;off&#8221; global_colors_info=&#8221;{}&#8221;][et_pb_row column_structure=&#8221;1_2,1_2&#8243; make_equal=&#8221;on&#8221; _builder_version=&#8221;4.27.4&#8243; _module_preset=&#8221;default&#8221; width=&#8221;100%&#8221; max_width=&#8221;1312px&#8221; global_colors_info=&#8221;{}&#8221;][et_pb_column type=&#8221;1_2&#8243; _builder_version=&#8221;4.27.4&#8243; _module_preset=&#8221;default&#8221; global_colors_info=&#8221;{}&#8221;][et_pb_image src=&#8221;https:\/\/pakicatkombetare.al\/wp-content\/uploads\/2025\/06\/485342078_660747029939446_7874989917642302279_n.jpg&#8221; _builder_version=&#8221;4.24.0&#8243; _module_preset=&#8221;default&#8221; z_index=&#8221;10&#8243; max_width=&#8221;61%&#8221; animation_style=&#8221;fade&#8221; animation_duration=&#8221;750ms&#8221; animation_delay=&#8221;250ms&#8221; scroll_fade=&#8221;0|25|25|59|0|100|100&#8243; border_width_all=&#8221;7px&#8221; border_color_all=&#8221;#FFFFFF&#8221; global_colors_info=&#8221;{}&#8221;][\/et_pb_image][et_pb_image src=&#8221;https:\/\/pakicatkombetare.al\/wp-content\/uploads\/2025\/06\/serbia1.jpg&#8221; _builder_version=&#8221;4.24.0&#8243; _module_preset=&#8221;default&#8221; max_width=&#8221;87%&#8221; custom_margin=&#8221;-228px|-18px||321px|false|false&#8221; animation_style=&#8221;fade&#8221; animation_duration=&#8221;750ms&#8221; animation_delay=&#8221;500ms&#8221; scroll_fade=&#8221;0|27|27|61|0|100|100&#8243; border_width_all=&#8221;7px&#8221; border_color_all=&#8221;#FFFFFF&#8221; global_colors_info=&#8221;{}&#8221;][\/et_pb_image][et_pb_image src=&#8221;https:\/\/pakicatkombetare.al\/wp-content\/uploads\/2025\/06\/484701013_660744989939650_3084080372905149674_n.jpg&#8221; _builder_version=&#8221;4.24.0&#8243; _module_preset=&#8221;default&#8221; max_width=&#8221;66%&#8221; custom_margin=&#8221;-87px|-283px||141px|false|false&#8221; animation_style=&#8221;fade&#8221; animation_duration=&#8221;750ms&#8221; animation_delay=&#8221;250ms&#8221; scroll_fade=&#8221;0|21|21|56|0|100|100&#8243; border_width_all=&#8221;7px&#8221; border_color_all=&#8221;#FFFFFF&#8221; global_colors_info=&#8221;{}&#8221;][\/et_pb_image][\/et_pb_column][et_pb_column type=&#8221;1_2&#8243; _builder_version=&#8221;4.27.4&#8243; _module_preset=&#8221;default&#8221; global_colors_info=&#8221;{}&#8221;][et_pb_text _builder_version=&#8221;4.24.0&#8243; _module_preset=&#8221;default&#8221; header_font=&#8221;||||||||&#8221; header_font_size=&#8221;52px&#8221; header_line_height=&#8221;1.1em&#8221; header_2_font_size=&#8221;64px&#8221; custom_margin=&#8221;16px|-44px|-11px|71px||&#8221; global_colors_info=&#8221;{}&#8221;]<h2 style=\"text-align: left;\" class=\"translation-block\"><span>The Serbian minority <span style=\"color: #ee5641\"><strong>in Albania is a part<\/strong><\/span><\/span><\/h2>\n<h2 style=\"text-align: left;\"><\/h2>[\/et_pb_text][et_pb_text _builder_version=&#8221;4.24.0&#8243; _module_preset=&#8221;default&#8221; text_font=&#8221;|300|||||||&#8221; text_text_color=&#8221;#424242&#8243; text_font_size=&#8221;19px&#8221; custom_margin=&#8221;25px|-14px||76px|false|false&#8221; custom_padding=&#8221;0px|0px|71px||false|false&#8221; locked=&#8221;off&#8221; global_colors_info=&#8221;{}&#8221;]<p style=\"text-align: justify;\">of the rich cultural and historical heritage of the country, with deep roots in Albanian lands since the early Middle Ages. Mainly settled in northern Albania, in the areas of Shkod\u00ebr, Koplik, the Gruemir\u00eb municipality, in the villages of Vrak\u00eb, Omaraj, Gril, Bori\u00e7 i Madh, Bori\u00e7 i Vog\u00ebl, in Kamic\u00eb, Shtoj i Vjet\u00ebr, Shtoj i Ri, Dobra\u00e7, Golem, Mushan, Bushat, etc., as well as spread in other cities like Lezh\u00eb, Tirana, Kor\u00e7\u00eb, Elbasan, Fier, in the villages of Rreth-Libofsh\u00eb and Hamil, etc., this minority has coexisted for decades with other communities in a spirit of cooperation, peace, and interfaith and intercultural understanding.<\/p>[\/et_pb_text][et_pb_accordion open_toggle_background_color=&#8221;#FFFFFF&#8221; closed_toggle_text_color=&#8221;#FFFFFF&#8221; closed_toggle_background_color=&#8221;#ee5641&#8243; icon_color=&#8221;#FFFFFF&#8221; use_icon_font_size=&#8221;on&#8221; icon_font_size=&#8221;24px&#8221; _builder_version=&#8221;4.24.0&#8243; _module_preset=&#8221;default&#8221; toggle_level=&#8221;h3&#8243; toggle_font=&#8221;|600|||||||&#8221; body_font=&#8221;|300|||||||&#8221; body_text_color=&#8221;#242424&#8243; body_font_size=&#8221;16px&#8221; custom_margin=&#8221;-7px|-13px||80px|false|false&#8221; border_width_all=&#8221;0px&#8221; locked=&#8221;off&#8221; global_colors_info=&#8221;{}&#8221;][et_pb_accordion_item title=&#8221;Integrimi&#8221; _builder_version=&#8221;4.24.0&#8243; _module_preset=&#8221;default&#8221; global_colors_info=&#8221;{}&#8221; open=&#8221;on&#8221;]<p style=\"text-align: justify;\">During difficult historical periods, the Serbian minority experienced a series of challenges related to national identity, language, names, and religious practice. However, the preservation of Serbian culture, language, and traditional customs, as well as efforts to maintain their identity in the face of pressures, stand as a testament to admirable resilience and vitality.<\/p>\n<p style=\"text-align: justify;\">The Serbian community in Albania continues to be an example of preserving identity while integrating into Albanian society. The peaceful coexistence between Albanians and Serbs in some of the historically most sensitive areas is a strong testament to the possibility of building a shared European future based on respect, equality, and cultural diversity.<\/p>[\/et_pb_accordion_item][et_pb_accordion_item title=&#8221;Harmonia&#8221; open=&#8221;off&#8221; _builder_version=&#8221;4.24.0&#8243; _module_preset=&#8221;default&#8221; global_colors_info=&#8221;{}&#8221;]<p style=\"text-align: justify;\">This minority represents an important asset in Albania\u2019s ethnic mosaic and serves as a bridge for cooperation with neighboring countries in the region. Promoting a more inclusive environment that respects and advances their rights would strengthen not only internal harmony but also Albania\u2019s image as a country that upholds international human rights standards.<\/p>\n<ol><\/ol>[\/et_pb_accordion_item][\/et_pb_accordion][\/et_pb_column][\/et_pb_row][\/et_pb_section][et_pb_section fb_built=&#8221;1&#8243; disabled_on=&#8221;off|on|on&#8221; _builder_version=&#8221;4.24.0&#8243; _module_preset=&#8221;default&#8221; background_image=&#8221;https:\/\/pakicatkombetare.al\/wp-content\/uploads\/2025\/06\/pakica-serbe-banner-01-scaled.jpg&#8221; custom_margin=&#8221;0px||||false|false&#8221; custom_padding=&#8221;26px||39px||false|false&#8221; locked=&#8221;off&#8221; global_colors_info=&#8221;{}&#8221;][et_pb_row make_equal=&#8221;on&#8221; _builder_version=&#8221;4.27.4&#8243; _module_preset=&#8221;default&#8221; width=&#8221;100%&#8221; max_width=&#8221;1389px&#8221; custom_margin=&#8221;-2px|auto||auto|false|false&#8221; global_colors_info=&#8221;{}&#8221;][et_pb_column type=&#8221;4_4&#8243; _builder_version=&#8221;4.27.4&#8243; _module_preset=&#8221;default&#8221; global_colors_info=&#8221;{}&#8221;][et_pb_text _builder_version=&#8221;4.24.0&#8243; _module_preset=&#8221;default&#8221; text_line_height=&#8221;0.7em&#8221; header_font_size=&#8221;39px&#8221; header_line_height=&#8221;0.8em&#8221; custom_margin=&#8221;|||33px|false|false&#8221; locked=&#8221;off&#8221; global_colors_info=&#8221;{}&#8221;]<h1 class=\"dsm-dual-heading-main et_pb_module_header\"><span style=\"color: #ffffff;\">Minorities <\/span><\/h1>\n<h1 class=\"dsm-dual-heading-main et_pb_module_header\"><span style=\"color: #ffffff;\">Natio<span>e<\/span>tare <\/span><\/h1>\n<h1 class=\"dsm-dual-heading-main et_pb_module_header\"><strong><span style=\"color: #ffffff;\">Serbe<\/span><\/strong><\/h1>[\/et_pb_text][\/et_pb_column][\/et_pb_row][\/et_pb_section][et_pb_section fb_built=&#8221;1&#8243; disabled_on=&#8221;off|on|on&#8221; _builder_version=&#8221;4.24.0&#8243; _module_preset=&#8221;default&#8221; background_color=&#8221;#f9f4f4&#8243; custom_margin=&#8221;-26px|||||&#8221; border_radii=&#8221;off|24px|24px||&#8221; locked=&#8221;off&#8221; global_colors_info=&#8221;{}&#8221;][et_pb_row column_structure=&#8221;1_2,1_2&#8243; make_equal=&#8221;on&#8221; _builder_version=&#8221;4.24.0&#8243; _module_preset=&#8221;default&#8221; width=&#8221;100%&#8221; max_width=&#8221;1312px&#8221; custom_padding=&#8221;21px|||||&#8221; locked=&#8221;off&#8221; global_colors_info=&#8221;{}&#8221;][et_pb_column type=&#8221;1_2&#8243; _builder_version=&#8221;4.27.4&#8243; _module_preset=&#8221;default&#8221; global_colors_info=&#8221;{}&#8221;][et_pb_text _builder_version=&#8221;4.24.0&#8243; _module_preset=&#8221;default&#8221; header_font=&#8221;||||||||&#8221; header_font_size=&#8221;29px&#8221; header_line_height=&#8221;0.8em&#8221; header_2_font_size=&#8221;24px&#8221; custom_margin=&#8221;-3px||-11px|39px||&#8221; locked=&#8221;off&#8221; global_colors_info=&#8221;{}&#8221;]<h2 style=\"text-align: left;\" class=\"translation-block\"><span>The Serbian minority <span style=\"color: #ee5641\"><strong>in Albania is a part<\/strong><\/span><\/span><\/h2>\n<h2 style=\"text-align: left;\"><\/h2>[\/et_pb_text][et_pb_text _builder_version=&#8221;4.24.0&#8243; _module_preset=&#8221;default&#8221; text_font=&#8221;|300|||||||&#8221; text_text_color=&#8221;#424242&#8243; text_font_size=&#8221;19px&#8221; custom_margin=&#8221;6px|1px||39px|false|false&#8221; custom_padding=&#8221;0px|42px|44px||false|false&#8221; locked=&#8221;off&#8221; global_colors_info=&#8221;{}&#8221;]<p style=\"text-align: justify;\">of the rich cultural and historical heritage of the country, with deep roots in Albanian lands since the early Middle Ages. Mainly settled in northern Albania, in the areas of Shkod\u00ebr, Koplik, the Gruemir\u00eb municipality, in the villages of Vrak\u00eb, Omaraj, Gril, Bori\u00e7 i Madh, Bori\u00e7 i Vog\u00ebl, in Kamic\u00eb, Shtoj i Vjet\u00ebr, Shtoj i Ri, Dobra\u00e7, Golem, Mushan, Bushat, etc., as well as spread in other cities like Lezh\u00eb, Tirana, Kor\u00e7\u00eb, Elbasan, Fier, in the villages of Rreth-Libofsh\u00eb and Hamil, etc., this minority has coexisted for decades with other communities in a spirit of cooperation, peace, and interfaith and intercultural understanding.<\/p>[\/et_pb_text][et_pb_accordion open_toggle_background_color=&#8221;#FFFFFF&#8221; closed_toggle_text_color=&#8221;#FFFFFF&#8221; closed_toggle_background_color=&#8221;#ee5641&#8243; icon_color=&#8221;#FFFFFF&#8221; use_icon_font_size=&#8221;on&#8221; icon_font_size=&#8221;24px&#8221; _builder_version=&#8221;4.24.0&#8243; _module_preset=&#8221;default&#8221; toggle_level=&#8221;h3&#8243; toggle_font=&#8221;|600|||||||&#8221; body_font=&#8221;|300|||||||&#8221; body_text_color=&#8221;#242424&#8243; body_font_size=&#8221;16px&#8221; custom_margin=&#8221;-7px|37px||37px|false|false&#8221; border_width_all=&#8221;0px&#8221; locked=&#8221;off&#8221; global_colors_info=&#8221;{}&#8221;][et_pb_accordion_item title=&#8221;Integrimi&#8221; _builder_version=&#8221;4.24.0&#8243; _module_preset=&#8221;default&#8221; global_colors_info=&#8221;{}&#8221; open=&#8221;on&#8221;]<p style=\"text-align: justify;\">During difficult historical periods, the Serbian minority experienced a series of challenges related to national identity, language, names, and religious practice. However, the preservation of Serbian culture, language, and traditional customs, as well as efforts to maintain their identity in the face of pressures, stand as a testament to admirable resilience and vitality.<\/p>\n<p style=\"text-align: justify;\">The Serbian community in Albania continues to be an example of preserving identity while integrating into Albanian society. The peaceful coexistence between Albanians and Serbs in some of the historically most sensitive areas is a strong testament to the possibility of building a shared European future based on respect, equality, and cultural diversity.<\/p>[\/et_pb_accordion_item][et_pb_accordion_item title=&#8221;Harmonia&#8221; open=&#8221;off&#8221; _builder_version=&#8221;4.24.0&#8243; _module_preset=&#8221;default&#8221; global_colors_info=&#8221;{}&#8221;]<p style=\"text-align: justify;\">This minority represents an important asset in Albania\u2019s ethnic mosaic and serves as a bridge for cooperation with neighboring countries in the region. Promoting a more inclusive environment that respects and advances their rights would strengthen not only internal harmony but also Albania\u2019s image as a country that upholds international human rights standards.<\/p>\n<ol><\/ol>\n<ol><\/ol>\n<ol><\/ol>[\/et_pb_accordion_item][\/et_pb_accordion][et_pb_image src=&#8221;https:\/\/pakicatkombetare.al\/wp-content\/uploads\/2025\/06\/484701013_660744989939650_3084080372905149674_n.jpg&#8221; _builder_version=&#8221;4.24.0&#8243; _module_preset=&#8221;default&#8221; z_index=&#8221;10&#8243; max_width=&#8221;64%&#8221; custom_margin=&#8221;96px|||34px|false|false&#8221; animation_style=&#8221;fade&#8221; animation_duration=&#8221;750ms&#8221; animation_delay=&#8221;250ms&#8221; scroll_fade=&#8221;0|25|25|59|0|100|100&#8243; border_width_all=&#8221;7px&#8221; border_color_all=&#8221;#FFFFFF&#8221; global_colors_info=&#8221;{}&#8221;][\/et_pb_image][et_pb_image src=&#8221;https:\/\/pakicatkombetare.al\/wp-content\/uploads\/2025\/06\/serbia1.jpg&#8221; _builder_version=&#8221;4.24.0&#8243; _module_preset=&#8221;default&#8221; max_width=&#8221;47%&#8221; custom_margin=&#8221;-52px|-53px||178px|false|false&#8221; animation_style=&#8221;fade&#8221; animation_duration=&#8221;750ms&#8221; animation_delay=&#8221;500ms&#8221; scroll_fade=&#8221;0|27|27|61|0|100|100&#8243; border_width_all=&#8221;7px&#8221; border_color_all=&#8221;#FFFFFF&#8221; global_colors_info=&#8221;{}&#8221;][\/et_pb_image][et_pb_image src=&#8221;https:\/\/pakicatkombetare.al\/wp-content\/uploads\/2025\/06\/485342078_660747029939446_7874989917642302279_n.jpg&#8221; _builder_version=&#8221;4.24.0&#8243; _module_preset=&#8221;default&#8221; max_width=&#8221;58%&#8221; custom_margin=&#8221;-94px|||44px|false|false&#8221; animation_style=&#8221;fade&#8221; animation_duration=&#8221;750ms&#8221; animation_delay=&#8221;250ms&#8221; scroll_fade=&#8221;0|22|22|61|0|100|100&#8243; border_width_all=&#8221;7px&#8221; border_color_all=&#8221;#FFFFFF&#8221; global_colors_info=&#8221;{}&#8221;][\/et_pb_image][\/et_pb_column][et_pb_column type=&#8221;1_2&#8243; _builder_version=&#8221;4.27.4&#8243; _module_preset=&#8221;default&#8221; global_colors_info=&#8221;{}&#8221;][\/et_pb_column][\/et_pb_row][\/et_pb_section]","protected":false},"excerpt":{"rendered":"<p>Pakica Komb\u00ebtare SerbePakica komb\u00ebtare serbe n\u00eb Shqip\u00ebri p\u00ebrb\u00ebn nj\u00eb pjes\u00eb t\u00eb trash\u00ebgimis\u00eb s\u00eb pasur kulturore dhe historike t\u00eb vendit, me rr\u00ebnj\u00eb t\u00eb thella n\u00eb trojet shqiptare q\u00eb nga mesjeta e hershme. E vendosur kryesisht n\u00eb veriun e Shqip\u00ebris\u00eb, n\u00eb zonat e Shkodr\u00ebs, Koplikut, n\u00eb komun\u00ebn Gruemir\u00eb, ne fshatrat Vrak\u00eb, Omaraj, Gril, Bori\u00e7 i Madh, Bori\u00e7 [&hellip;]<\/p>","protected":false},"author":1,"featured_media":0,"parent":0,"menu_order":0,"comment_status":"closed","ping_status":"closed","template":"","meta":{"_et_pb_use_builder":"on","_et_pb_old_content":"","_et_gb_content_width":"","footnotes":""},"dipi_cpt_category":[],"class_list":["post-317","page","type-page","status-publish","hentry"],"yoast_head":"<!-- This site is optimized with the Yoast SEO plugin v25.5 - https:\/\/yoast.com\/wordpress\/plugins\/seo\/ -->\n<title>Pakica Komb\u00ebtare Serbe - Pakicat Komb\u00ebtare n\u00eb Shqip\u00ebri<\/title>\n<meta name=\"description\" content=\"Pakica Komb\u00ebtare Serbe jeton kryesisht e p\u00ebrqendruar n\u00eb qytetin e Shkodr\u00ebs, t\u00eb Koplikut, n\u00eb komun\u00ebn Gruemir\u00eb, e t\u00eb tjera.\" \/>\n<meta name=\"robots\" content=\"index, follow, max-snippet:-1, max-image-preview:large, max-video-preview:-1\" \/>\n<link rel=\"canonical\" href=\"https:\/\/pakicatkombetare.al\/en\/pakicat-kombetare-serbe\/\" \/>\n<meta property=\"og:locale\" content=\"en_US\" \/>\n<meta property=\"og:type\" content=\"article\" \/>\n<meta property=\"og:title\" content=\"Pakica Komb\u00ebtare Serbe - Pakicat Komb\u00ebtare n\u00eb Shqip\u00ebri\" \/>\n<meta property=\"og:description\" content=\"Pakica Komb\u00ebtare Serbe jeton kryesisht e p\u00ebrqendruar n\u00eb qytetin e Shkodr\u00ebs, t\u00eb Koplikut, n\u00eb komun\u00ebn Gruemir\u00eb, e t\u00eb tjera.\" \/>\n<meta property=\"og:url\" content=\"https:\/\/pakicatkombetare.al\/en\/pakicat-kombetare-serbe\/\" \/>\n<meta property=\"og:site_name\" content=\"Pakicat Komb\u00ebtare n\u00eb Shqip\u00ebri\" \/>\n<meta property=\"article:modified_time\" content=\"2025-07-30T09:47:14+00:00\" \/>\n<meta name=\"twitter:card\" content=\"summary_large_image\" \/>\n<meta name=\"twitter:label1\" content=\"Est. reading time\" \/>\n\t<meta name=\"twitter:data1\" content=\"4 minutes\" \/>\n<script type=\"application\/ld+json\" class=\"yoast-schema-graph\">{\"@context\":\"https:\/\/schema.org\",\"@graph\":[{\"@type\":\"WebPage\",\"@id\":\"https:\/\/pakicatkombetare.al\/pakicat-kombetare-serbe\/\",\"url\":\"https:\/\/pakicatkombetare.al\/pakicat-kombetare-serbe\/\",\"name\":\"Pakica Komb\u00ebtare Serbe - Pakicat Komb\u00ebtare n\u00eb Shqip\u00ebri\",\"isPartOf\":{\"@id\":\"https:\/\/pakicatkombetare.al\/#website\"},\"datePublished\":\"2025-06-26T08:23:23+00:00\",\"dateModified\":\"2025-07-30T09:47:14+00:00\",\"description\":\"Pakica Komb\u00ebtare Serbe jeton kryesisht e p\u00ebrqendruar n\u00eb qytetin e Shkodr\u00ebs, t\u00eb Koplikut, n\u00eb komun\u00ebn Gruemir\u00eb, e t\u00eb tjera.\",\"breadcrumb\":{\"@id\":\"https:\/\/pakicatkombetare.al\/pakicat-kombetare-serbe\/#breadcrumb\"},\"inLanguage\":\"en-US\",\"potentialAction\":[{\"@type\":\"ReadAction\",\"target\":[\"https:\/\/pakicatkombetare.al\/pakicat-kombetare-serbe\/\"]}]},{\"@type\":\"BreadcrumbList\",\"@id\":\"https:\/\/pakicatkombetare.al\/pakicat-kombetare-serbe\/#breadcrumb\",\"itemListElement\":[{\"@type\":\"ListItem\",\"position\":1,\"name\":\"Home\",\"item\":\"https:\/\/pakicatkombetare.al\/\"},{\"@type\":\"ListItem\",\"position\":2,\"name\":\"Pakicat Komb\u00ebtare Serbe\"}]},{\"@type\":\"WebSite\",\"@id\":\"https:\/\/pakicatkombetare.al\/#website\",\"url\":\"https:\/\/pakicatkombetare.al\/\",\"name\":\"Pakicat Komb\u00ebtare n\u00eb Shqip\u00ebri\",\"description\":\"\",\"potentialAction\":[{\"@type\":\"SearchAction\",\"target\":{\"@type\":\"EntryPoint\",\"urlTemplate\":\"https:\/\/pakicatkombetare.al\/?s={search_term_string}\"},\"query-input\":{\"@type\":\"PropertyValueSpecification\",\"valueRequired\":true,\"valueName\":\"search_term_string\"}}],\"inLanguage\":\"en-US\"}]}<\/script>\n<!-- \/ Yoast SEO plugin. -->","yoast_head_json":{"title":"Pakica Komb\u00ebtare Serbe - Pakicat Komb\u00ebtare n\u00eb Shqip\u00ebri","description":"Pakica Komb\u00ebtare Serbe jeton kryesisht e p\u00ebrqendruar n\u00eb qytetin e Shkodr\u00ebs, t\u00eb Koplikut, n\u00eb komun\u00ebn Gruemir\u00eb, e t\u00eb tjera.","robots":{"index":"index","follow":"follow","max-snippet":"max-snippet:-1","max-image-preview":"max-image-preview:large","max-video-preview":"max-video-preview:-1"},"canonical":"https:\/\/pakicatkombetare.al\/en\/pakicat-kombetare-serbe\/","og_locale":"en_US","og_type":"article","og_title":"Pakica Komb\u00ebtare Serbe - Pakicat Komb\u00ebtare n\u00eb Shqip\u00ebri","og_description":"Pakica Komb\u00ebtare Serbe jeton kryesisht e p\u00ebrqendruar n\u00eb qytetin e Shkodr\u00ebs, t\u00eb Koplikut, n\u00eb komun\u00ebn Gruemir\u00eb, e t\u00eb tjera.","og_url":"https:\/\/pakicatkombetare.al\/en\/pakicat-kombetare-serbe\/","og_site_name":"Pakicat Komb\u00ebtare n\u00eb Shqip\u00ebri","article_modified_time":"2025-07-30T09:47:14+00:00","twitter_card":"summary_large_image","twitter_misc":{"Est. reading time":"4 minutes"},"schema":{"@context":"https:\/\/schema.org","@graph":[{"@type":"WebPage","@id":"https:\/\/pakicatkombetare.al\/pakicat-kombetare-serbe\/","url":"https:\/\/pakicatkombetare.al\/pakicat-kombetare-serbe\/","name":"Pakica Komb\u00ebtare Serbe - Pakicat Komb\u00ebtare n\u00eb Shqip\u00ebri","isPartOf":{"@id":"https:\/\/pakicatkombetare.al\/#website"},"datePublished":"2025-06-26T08:23:23+00:00","dateModified":"2025-07-30T09:47:14+00:00","description":"Pakica Komb\u00ebtare Serbe jeton kryesisht e p\u00ebrqendruar n\u00eb qytetin e Shkodr\u00ebs, t\u00eb Koplikut, n\u00eb komun\u00ebn Gruemir\u00eb, e t\u00eb tjera.","breadcrumb":{"@id":"https:\/\/pakicatkombetare.al\/pakicat-kombetare-serbe\/#breadcrumb"},"inLanguage":"en-US","potentialAction":[{"@type":"ReadAction","target":["https:\/\/pakicatkombetare.al\/pakicat-kombetare-serbe\/"]}]},{"@type":"BreadcrumbList","@id":"https:\/\/pakicatkombetare.al\/pakicat-kombetare-serbe\/#breadcrumb","itemListElement":[{"@type":"ListItem","position":1,"name":"Home","item":"https:\/\/pakicatkombetare.al\/"},{"@type":"ListItem","position":2,"name":"Pakicat Komb\u00ebtare Serbe"}]},{"@type":"WebSite","@id":"https:\/\/pakicatkombetare.al\/#website","url":"https:\/\/pakicatkombetare.al\/","name":"Pakicat Komb\u00ebtare n\u00eb Shqip\u00ebri","description":"","potentialAction":[{"@type":"SearchAction","target":{"@type":"EntryPoint","urlTemplate":"https:\/\/pakicatkombetare.al\/?s={search_term_string}"},"query-input":{"@type":"PropertyValueSpecification","valueRequired":true,"valueName":"search_term_string"}}],"inLanguage":"en-US"}]}},"rttpg_featured_image_url":null,"rttpg_author":{"display_name":"admin","author_link":"https:\/\/pakicatkombetare.al\/en\/author\/admin\/"},"rttpg_comment":0,"rttpg_category":false,"rttpg_excerpt":"Pakica Komb\u00ebtare SerbePakica komb\u00ebtare serbe n\u00eb Shqip\u00ebri p\u00ebrb\u00ebn nj\u00eb pjes\u00eb t\u00eb trash\u00ebgimis\u00eb s\u00eb pasur kulturore dhe historike t\u00eb vendit, me rr\u00ebnj\u00eb t\u00eb thella n\u00eb trojet shqiptare q\u00eb nga mesjeta e hershme. E vendosur kryesisht n\u00eb veriun e Shqip\u00ebris\u00eb, n\u00eb zonat e Shkodr\u00ebs, Koplikut, n\u00eb komun\u00ebn Gruemir\u00eb, ne fshatrat Vrak\u00eb, Omaraj, Gril, Bori\u00e7 i Madh, Bori\u00e7&hellip;","_links":{"self":[{"href":"https:\/\/pakicatkombetare.al\/en\/wp-json\/wp\/v2\/pages\/317","targetHints":{"allow":["GET"]}}],"collection":[{"href":"https:\/\/pakicatkombetare.al\/en\/wp-json\/wp\/v2\/pages"}],"about":[{"href":"https:\/\/pakicatkombetare.al\/en\/wp-json\/wp\/v2\/types\/page"}],"author":[{"embeddable":true,"href":"https:\/\/pakicatkombetare.al\/en\/wp-json\/wp\/v2\/users\/1"}],"replies":[{"embeddable":true,"href":"https:\/\/pakicatkombetare.al\/en\/wp-json\/wp\/v2\/comments?post=317"}],"version-history":[{"count":0,"href":"https:\/\/pakicatkombetare.al\/en\/wp-json\/wp\/v2\/pages\/317\/revisions"}],"wp:attachment":[{"href":"https:\/\/pakicatkombetare.al\/en\/wp-json\/wp\/v2\/media?parent=317"}],"wp:term":[{"taxonomy":"dipi_cpt_category","embeddable":true,"href":"https:\/\/pakicatkombetare.al\/en\/wp-json\/wp\/v2\/dipi_cpt_category?post=317"}],"curies":[{"name":"wp","href":"https:\/\/api.w.org\/{rel}","templated":true}]}}