{"id":300,"date":"2025-06-26T08:11:46","date_gmt":"2025-06-26T08:11:46","guid":{"rendered":"https:\/\/pakicatkombetare.al\/?page_id=300"},"modified":"2025-07-30T09:46:08","modified_gmt":"2025-07-30T09:46:08","slug":"pakicat-kombetare-malazeze","status":"publish","type":"page","link":"https:\/\/pakicatkombetare.al\/en\/pakicat-kombetare-malazeze\/","title":{"rendered":"Montenegrin National Minority"},"content":{"rendered":"[et_pb_section fb_built=&#8221;1&#8243; disabled_on=&#8221;on|off|off&#8221; _builder_version=&#8221;4.24.0&#8243; _module_preset=&#8221;default&#8221; background_image=&#8221;https:\/\/pakicatkombetare.al\/wp-content\/uploads\/2025\/06\/pakica-malazeze-banner-01-scaled.jpg&#8221; background_position=&#8221;top_right&#8221; background_vertical_offset=&#8221;27%&#8221; custom_margin=&#8221;0px||||false|false&#8221; custom_padding=&#8221;19px||223px||false|false&#8221; locked=&#8221;off&#8221; global_colors_info=&#8221;{}&#8221;][et_pb_row make_equal=&#8221;on&#8221; _builder_version=&#8221;4.27.4&#8243; _module_preset=&#8221;default&#8221; width=&#8221;100%&#8221; max_width=&#8221;1389px&#8221; custom_margin=&#8221;150px|auto||208px|false|false&#8221; global_colors_info=&#8221;{}&#8221;][et_pb_column type=&#8221;4_4&#8243; _builder_version=&#8221;4.27.4&#8243; _module_preset=&#8221;default&#8221; global_colors_info=&#8221;{}&#8221;][et_pb_text _builder_version=&#8221;4.24.0&#8243; _module_preset=&#8221;default&#8221; header_font_size=&#8221;62px&#8221; custom_margin=&#8221;|||33px|false|false&#8221; locked=&#8221;off&#8221; global_colors_info=&#8221;{}&#8221;]<h1 class=\"dsm-dual-heading-main et_pb_module_header translation-block\"><span style=\"color: #ffffff\"><strong>Montenegrin<\/strong> National Minority<\/span><\/h1>[\/et_pb_text][\/et_pb_column][\/et_pb_row][\/et_pb_section][et_pb_section fb_built=&#8221;1&#8243; disabled_on=&#8221;on|off|off&#8221; _builder_version=&#8221;4.24.0&#8243; _module_preset=&#8221;default&#8221; background_color=&#8221;#f9f4f4&#8243; custom_margin=&#8221;-98px|||||&#8221; custom_padding=&#8221;121px||320px|||&#8221; border_radii=&#8221;off|70px|44px||&#8221; locked=&#8221;off&#8221; global_colors_info=&#8221;{}&#8221;][et_pb_row column_structure=&#8221;1_2,1_2&#8243; make_equal=&#8221;on&#8221; _builder_version=&#8221;4.27.4&#8243; _module_preset=&#8221;default&#8221; width=&#8221;100%&#8221; max_width=&#8221;1312px&#8221; global_colors_info=&#8221;{}&#8221;][et_pb_column type=&#8221;1_2&#8243; _builder_version=&#8221;4.27.4&#8243; _module_preset=&#8221;default&#8221; global_colors_info=&#8221;{}&#8221;][et_pb_image src=&#8221;https:\/\/pakicatkombetare.al\/wp-content\/uploads\/2025\/06\/473444144_594931763181115_8621678937996262585_n.jpg&#8221; _builder_version=&#8221;4.24.0&#8243; _module_preset=&#8221;default&#8221; z_index=&#8221;10&#8243; max_width=&#8221;61%&#8221; animation_style=&#8221;fade&#8221; animation_duration=&#8221;750ms&#8221; animation_delay=&#8221;250ms&#8221; scroll_fade=&#8221;0|25|25|59|0|100|100&#8243; border_width_all=&#8221;7px&#8221; border_color_all=&#8221;#FFFFFF&#8221; global_colors_info=&#8221;{}&#8221;][\/et_pb_image][et_pb_image src=&#8221;https:\/\/pakicatkombetare.al\/wp-content\/uploads\/2025\/06\/484669545_657734193574063_8980814317471671389_n.jpg&#8221; _builder_version=&#8221;4.24.0&#8243; _module_preset=&#8221;default&#8221; max_width=&#8221;47%&#8221; custom_margin=&#8221;-243px|-18px||321px|false|false&#8221; animation_style=&#8221;fade&#8221; animation_duration=&#8221;750ms&#8221; animation_delay=&#8221;500ms&#8221; scroll_fade=&#8221;0|27|27|61|0|100|100&#8243; border_width_all=&#8221;7px&#8221; border_color_all=&#8221;#FFFFFF&#8221; global_colors_info=&#8221;{}&#8221;][\/et_pb_image][et_pb_image src=&#8221;https:\/\/pakicatkombetare.al\/wp-content\/uploads\/2025\/06\/484130519_657731730240976_7005846107527579843_n.jpg&#8221; _builder_version=&#8221;4.24.0&#8243; _module_preset=&#8221;default&#8221; max_width=&#8221;46%&#8221; custom_margin=&#8221;25px|||-33px|false|false&#8221; animation_style=&#8221;fade&#8221; animation_duration=&#8221;750ms&#8221; animation_delay=&#8221;250ms&#8221; scroll_fade=&#8221;0|22|22|61|0|100|100&#8243; border_width_all=&#8221;7px&#8221; border_color_all=&#8221;#FFFFFF&#8221; global_colors_info=&#8221;{}&#8221;][\/et_pb_image][et_pb_image src=&#8221;https:\/\/pakicatkombetare.al\/wp-content\/uploads\/2025\/06\/506045327_723537870327028_8395644602806462006_n.jpg&#8221; _builder_version=&#8221;4.24.0&#8243; _module_preset=&#8221;default&#8221; max_width=&#8221;66%&#8221; custom_margin=&#8221;-503px|-283px||141px|false|false&#8221; animation_style=&#8221;fade&#8221; animation_duration=&#8221;750ms&#8221; animation_delay=&#8221;250ms&#8221; scroll_fade=&#8221;0|21|21|56|0|100|100&#8243; border_width_all=&#8221;7px&#8221; border_color_all=&#8221;#FFFFFF&#8221; global_colors_info=&#8221;{}&#8221;][\/et_pb_image][\/et_pb_column][et_pb_column type=&#8221;1_2&#8243; _builder_version=&#8221;4.27.4&#8243; _module_preset=&#8221;default&#8221; global_colors_info=&#8221;{}&#8221;][et_pb_text _builder_version=&#8221;4.24.0&#8243; _module_preset=&#8221;default&#8221; header_font=&#8221;||||||||&#8221; header_font_size=&#8221;56px&#8221; header_line_height=&#8221;1.1em&#8221; custom_margin=&#8221;16px|1px|-11px|74px|false|false&#8221; global_colors_info=&#8221;{}&#8221;]<h1 style=\"text-align: left;\" class=\"translation-block\"><strong style=\"color: #ee5641\">The montenegrin minority <\/strong> are a minority that have<\/h1>\n<p style=\"text-align: left;\"><\/p>[\/et_pb_text][et_pb_text _builder_version=&#8221;4.24.0&#8243; _module_preset=&#8221;default&#8221; text_font=&#8221;|300|||||||&#8221; text_text_color=&#8221;#424242&#8243; text_font_size=&#8221;19px&#8221; custom_margin=&#8221;25px|1px||76px|false|false&#8221; custom_padding=&#8221;0px|0px|71px||false|false&#8221; locked=&#8221;off&#8221; global_colors_info=&#8221;{}&#8221;]<p style=\"text-align: justify;\">always lived within the territory of Albania and maintains its own ethnic and cultural identity. It is mainly concentrated in the Shkod\u00ebr region and its surroundings. This group also includes Albanian citizens who were expelled from Podgorica in the early 1920s as part of a population exchange agreement between the then Kingdom of Serbs, Croats, and Slovenes and Albania. These people now primarily reside in Shkod\u00ebr.<\/p>[\/et_pb_text][et_pb_accordion open_toggle_background_color=&#8221;#FFFFFF&#8221; closed_toggle_text_color=&#8221;#FFFFFF&#8221; closed_toggle_background_color=&#8221;#ee5641&#8243; icon_color=&#8221;#FFFFFF&#8221; use_icon_font_size=&#8221;on&#8221; icon_font_size=&#8221;24px&#8221; _builder_version=&#8221;4.24.0&#8243; _module_preset=&#8221;default&#8221; toggle_level=&#8221;h3&#8243; toggle_font=&#8221;|600|||||||&#8221; body_font=&#8221;|300|||||||&#8221; body_text_color=&#8221;#242424&#8243; body_font_size=&#8221;16px&#8221; custom_margin=&#8221;45px|||78px|false|false&#8221; hover_enabled=&#8221;0&#8243; border_width_all=&#8221;0px&#8221; global_colors_info=&#8221;{}&#8221; sticky_enabled=&#8221;0&#8243;][et_pb_accordion_item title=&#8221;Ku Ndodhen&#8221; open=&#8221;off&#8221; _builder_version=&#8221;4.24.0&#8243; _module_preset=&#8221;default&#8221; global_colors_info=&#8221;{}&#8221;]<p>Also part of the Montenegrin minority are the political emigrants who arrived after World War II, due to the breakdown of relations between Yugoslavia and the Soviet Union. They are spread across Albania\u2019s main cities, such as Tirana, Elbasan, Durr\u00ebs, Fier, Kor\u00e7\u00eb, and others.<\/p>[\/et_pb_accordion_item][et_pb_accordion_item title=&#8221;Bashk\u00ebjetesa&#8221; _builder_version=&#8221;4.24.0&#8243; _module_preset=&#8221;default&#8221; hover_enabled=&#8221;0&#8243; global_colors_info=&#8221;{}&#8221; open=&#8221;on&#8221; sticky_enabled=&#8221;0&#8243;]<p style=\"text-align: justify;\">According to the 2023 census, 511 Albanian citizens of Montenegrin origin live in the Republic of Albania. The Montenegrin national minority has always made a significant contribution to Albanian society, and notable figures in the fields of education, culture, science, sports, etc., have emerged from this minority.<\/p>[\/et_pb_accordion_item][\/et_pb_accordion][\/et_pb_column][\/et_pb_row][\/et_pb_section][et_pb_section fb_built=&#8221;1&#8243; disabled_on=&#8221;off|on|on&#8221; _builder_version=&#8221;4.24.0&#8243; _module_preset=&#8221;default&#8221; background_image=&#8221;https:\/\/pakicatkombetare.al\/wp-content\/uploads\/2025\/06\/pakica-malazeze-banner-01-scaled.jpg&#8221; custom_margin=&#8221;0px||||false|false&#8221; custom_padding=&#8221;26px||39px||false|false&#8221; locked=&#8221;off&#8221; global_colors_info=&#8221;{}&#8221;][et_pb_row make_equal=&#8221;on&#8221; _builder_version=&#8221;4.27.4&#8243; _module_preset=&#8221;default&#8221; width=&#8221;100%&#8221; max_width=&#8221;1389px&#8221; custom_margin=&#8221;-2px|auto||auto|false|false&#8221; global_colors_info=&#8221;{}&#8221;][et_pb_column type=&#8221;4_4&#8243; _builder_version=&#8221;4.27.4&#8243; _module_preset=&#8221;default&#8221; global_colors_info=&#8221;{}&#8221;][et_pb_text _builder_version=&#8221;4.24.0&#8243; _module_preset=&#8221;default&#8221; text_line_height=&#8221;0.7em&#8221; header_font_size=&#8221;39px&#8221; header_line_height=&#8221;0.8em&#8221; custom_margin=&#8221;|||33px|false|false&#8221; locked=&#8221;off&#8221; global_colors_info=&#8221;{}&#8221;]<h1 class=\"dsm-dual-heading-main et_pb_module_header\"><span style=\"color: #ffffff;\">Minorities <\/span><\/h1>\n<h1 class=\"dsm-dual-heading-main et_pb_module_header\"><span style=\"color: #ffffff;\">Natio<span>e<\/span>tare <\/span><\/h1>\n<h1 class=\"dsm-dual-heading-main et_pb_module_header\"><strong><span style=\"color: #ffffff;\">Malazeze<\/span><\/strong><\/h1>[\/et_pb_text][\/et_pb_column][\/et_pb_row][\/et_pb_section][et_pb_section fb_built=&#8221;1&#8243; disabled_on=&#8221;off|on|on&#8221; _builder_version=&#8221;4.24.0&#8243; _module_preset=&#8221;default&#8221; background_color=&#8221;#f9f4f4&#8243; custom_margin=&#8221;-26px|||||&#8221; border_radii=&#8221;off|24px|24px||&#8221; locked=&#8221;off&#8221; global_colors_info=&#8221;{}&#8221;][et_pb_row column_structure=&#8221;1_2,1_2&#8243; make_equal=&#8221;on&#8221; _builder_version=&#8221;4.24.0&#8243; _module_preset=&#8221;default&#8221; width=&#8221;100%&#8221; max_width=&#8221;1312px&#8221; custom_padding=&#8221;21px|||||&#8221; locked=&#8221;off&#8221; global_colors_info=&#8221;{}&#8221;][et_pb_column type=&#8221;1_2&#8243; _builder_version=&#8221;4.27.4&#8243; _module_preset=&#8221;default&#8221; global_colors_info=&#8221;{}&#8221;][et_pb_text _builder_version=&#8221;4.24.0&#8243; _module_preset=&#8221;default&#8221; header_font=&#8221;||||||||&#8221; header_font_size=&#8221;33px&#8221; header_line_height=&#8221;1.1em&#8221; custom_margin=&#8221;-3px||-11px|39px||&#8221; locked=&#8221;off&#8221; global_colors_info=&#8221;{}&#8221;]<h1 style=\"text-align: left;\"><span><span style=\"color: #ee5641;\"><strong>Pakica komb\u00ebtare<\/strong><\/span> malazeze \u00ebsht\u00eb nj\u00eb\u00a0<\/span><\/h1>\n<p style=\"text-align: left;\">[\/et_pb_text][et_pb_text _builder_version=&#8221;4.24.0&#8243; _module_preset=&#8221;default&#8221; text_font=&#8221;|300|||||||&#8221; text_text_color=&#8221;#424242&#8243; text_font_size=&#8221;19px&#8221; custom_margin=&#8221;23px|1px||39px|false|false&#8221; custom_padding=&#8221;0px|42px|71px||false|false&#8221; locked=&#8221;off&#8221; global_colors_info=&#8221;{}&#8221;]<p style=\"text-align: justify;\"><span>always lived within the territory of Albania and maintains its own ethnic and cultural identity. It is mainly concentrated in the Shkod\u00ebr region and its surroundings. This group also includes Albanian citizens who were expelled from Podgorica in the early 1920s as part of a population exchange agreement between the then Kingdom of Serbs, Croats, and Slovenes and Albania. These people now primarily reside in Shkod\u00ebr.<\/span><\/p>[\/et_pb_text][et_pb_accordion open_toggle_background_color=&#8221;#FFFFFF&#8221; closed_toggle_text_color=&#8221;#FFFFFF&#8221; closed_toggle_background_color=&#8221;#ee5641&#8243; icon_color=&#8221;#FFFFFF&#8221; use_icon_font_size=&#8221;on&#8221; icon_font_size=&#8221;24px&#8221; _builder_version=&#8221;4.24.0&#8243; _module_preset=&#8221;default&#8221; toggle_level=&#8221;h3&#8243; toggle_font=&#8221;|600|||||||&#8221; body_font=&#8221;|300|||||||&#8221; body_text_color=&#8221;#242424&#8243; body_font_size=&#8221;16px&#8221; custom_margin=&#8221;-7px|37px||37px|false|false&#8221; hover_enabled=&#8221;0&#8243; border_width_all=&#8221;0px&#8221; locked=&#8221;off&#8221; global_colors_info=&#8221;{}&#8221; sticky_enabled=&#8221;0&#8243;][et_pb_accordion_item title=&#8221;Ku Ndodhen&#8221; open=&#8221;off&#8221; _builder_version=&#8221;4.24.0&#8243; _module_preset=&#8221;default&#8221; hover_enabled=&#8221;0&#8243; global_colors_info=&#8221;{}&#8221; sticky_enabled=&#8221;0&#8243;]<p style=\"text-align: justify;\">Also part of the Montenegrin minority are the political emigrants who arrived after World War II, due to the breakdown of relations between Yugoslavia and the Soviet Union. They are spread across Albania\u2019s main cities, such as Tirana, Elbasan, Durr\u00ebs, Fier, Kor\u00e7\u00eb, and others.<\/p>[\/et_pb_accordion_item][et_pb_accordion_item title=&#8221;Bashk\u00ebjetesa&#8221; _builder_version=&#8221;4.24.0&#8243; _module_preset=&#8221;default&#8221; hover_enabled=&#8221;0&#8243; global_colors_info=&#8221;{}&#8221; open=&#8221;on&#8221; sticky_enabled=&#8221;0&#8243;]<p style=\"text-align: justify;\">According to the 2023 census, 511 Albanian citizens of Montenegrin origin live in the Republic of Albania. The Montenegrin national minority has always made a significant contribution to Albanian society, and notable figures in the fields of education, culture, science, sports, etc., have emerged from this minority.<\/p>\n<ol><\/ol>[\/et_pb_accordion_item][\/et_pb_accordion][et_pb_image src=&#8221;https:\/\/pakicatkombetare.al\/wp-content\/uploads\/2025\/06\/473444144_594931763181115_8621678937996262585_n.jpg&#8221; _builder_version=&#8221;4.24.0&#8243; _module_preset=&#8221;default&#8221; z_index=&#8221;10&#8243; max_width=&#8221;64%&#8221; custom_margin=&#8221;96px|||34px|false|false&#8221; animation_style=&#8221;fade&#8221; animation_duration=&#8221;750ms&#8221; animation_delay=&#8221;250ms&#8221; scroll_fade=&#8221;0|25|25|59|0|100|100&#8243; border_width_all=&#8221;7px&#8221; border_color_all=&#8221;#FFFFFF&#8221; global_colors_info=&#8221;{}&#8221;][\/et_pb_image][et_pb_image src=&#8221;https:\/\/pakicatkombetare.al\/wp-content\/uploads\/2025\/06\/484669545_657734193574063_8980814317471671389_n.jpg&#8221; _builder_version=&#8221;4.24.0&#8243; _module_preset=&#8221;default&#8221; max_width=&#8221;47%&#8221; custom_margin=&#8221;-94px|-53px||178px|false|false&#8221; animation_style=&#8221;fade&#8221; animation_duration=&#8221;750ms&#8221; animation_delay=&#8221;500ms&#8221; scroll_fade=&#8221;0|27|27|61|0|100|100&#8243; border_width_all=&#8221;7px&#8221; border_color_all=&#8221;#FFFFFF&#8221; global_colors_info=&#8221;{}&#8221;][\/et_pb_image][et_pb_image src=&#8221;https:\/\/pakicatkombetare.al\/wp-content\/uploads\/2025\/06\/484130519_657731730240976_7005846107527579843_n.jpg&#8221; _builder_version=&#8221;4.24.0&#8243; _module_preset=&#8221;default&#8221; max_width=&#8221;45%&#8221; custom_margin=&#8221;-182px|||44px|false|false&#8221; animation_style=&#8221;fade&#8221; animation_duration=&#8221;750ms&#8221; animation_delay=&#8221;250ms&#8221; scroll_fade=&#8221;0|22|22|61|0|100|100&#8243; border_width_all=&#8221;7px&#8221; border_color_all=&#8221;#FFFFFF&#8221; global_colors_info=&#8221;{}&#8221;][\/et_pb_image][et_pb_image src=&#8221;https:\/\/pakicatkombetare.al\/wp-content\/uploads\/2025\/06\/506045327_723537870327028_8395644602806462006_n.jpg&#8221; _builder_version=&#8221;4.24.0&#8243; _module_preset=&#8221;default&#8221; max_width=&#8221;73%&#8221; custom_margin=&#8221;-53px|-54px||79px|false|false&#8221; animation_style=&#8221;fade&#8221; animation_duration=&#8221;750ms&#8221; animation_delay=&#8221;250ms&#8221; scroll_fade=&#8221;0|21|21|56|0|100|100&#8243; border_width_all=&#8221;7px&#8221; border_color_all=&#8221;#FFFFFF&#8221; global_colors_info=&#8221;{}&#8221;][\/et_pb_image][\/et_pb_column][et_pb_column type=&#8221;1_2&#8243; _builder_version=&#8221;4.27.4&#8243; _module_preset=&#8221;default&#8221; global_colors_info=&#8221;{}&#8221;][\/et_pb_column][\/et_pb_row][\/et_pb_section]","protected":false},"excerpt":{"rendered":"<p>Pakica Komb\u00ebtare MalazezePakica komb\u00ebtare malazeze \u00ebsht\u00eb nj\u00eb pakic\u00eb q\u00eb ka jetuar gjithmon\u00eb n\u00eb territorin e Shqip\u00ebris\u00eb dhe kan\u00eb identitetin e tyre etnik dhe kulturor. Kjo pakic\u00eb \u00ebsht\u00eb e p\u00ebrq\u00ebndruar kryesisht n\u00eb zon\u00ebn e Shkodr\u00ebs dhe rrethinat e saj. K\u00ebtu p\u00ebrfshihen edhe shtetas t\u00eb Shqip\u00ebris\u00eb t\u00eb cil\u00ebt jan\u00eb d\u00ebbuar nga Podgorica n\u00eb fillim t\u00eb viteve \u201920 [&hellip;]<\/p>","protected":false},"author":1,"featured_media":0,"parent":0,"menu_order":0,"comment_status":"closed","ping_status":"closed","template":"","meta":{"_et_pb_use_builder":"on","_et_pb_old_content":"","_et_gb_content_width":"","footnotes":""},"dipi_cpt_category":[],"class_list":["post-300","page","type-page","status-publish","hentry"],"yoast_head":"<!-- This site is optimized with the Yoast SEO plugin v25.5 - https:\/\/yoast.com\/wordpress\/plugins\/seo\/ -->\n<title>Pakica Komb\u00ebtare Malazeze - Pakicat Komb\u00ebtare n\u00eb Shqip\u00ebri<\/title>\n<meta name=\"description\" content=\"Pakica Komb\u00ebtare Malazeze ka jetuar gjithmon\u00eb n\u00eb territorin e Shqip\u00ebris\u00eb dhe kan\u00eb identitetin e tyre etnik dhe kulturor.\" \/>\n<meta name=\"robots\" content=\"index, follow, max-snippet:-1, max-image-preview:large, max-video-preview:-1\" \/>\n<link rel=\"canonical\" href=\"https:\/\/pakicatkombetare.al\/en\/pakicat-kombetare-malazeze\/\" \/>\n<meta property=\"og:locale\" content=\"en_US\" \/>\n<meta property=\"og:type\" content=\"article\" \/>\n<meta property=\"og:title\" content=\"Pakica Komb\u00ebtare Malazeze - Pakicat Komb\u00ebtare n\u00eb Shqip\u00ebri\" \/>\n<meta property=\"og:description\" content=\"Pakica Komb\u00ebtare Malazeze ka jetuar gjithmon\u00eb n\u00eb territorin e Shqip\u00ebris\u00eb dhe kan\u00eb identitetin e tyre etnik dhe kulturor.\" \/>\n<meta property=\"og:url\" content=\"https:\/\/pakicatkombetare.al\/en\/pakicat-kombetare-malazeze\/\" \/>\n<meta property=\"og:site_name\" content=\"Pakicat Komb\u00ebtare n\u00eb Shqip\u00ebri\" \/>\n<meta property=\"article:modified_time\" content=\"2025-07-30T09:46:08+00:00\" \/>\n<meta name=\"twitter:card\" content=\"summary_large_image\" \/>\n<meta name=\"twitter:label1\" content=\"Est. reading time\" \/>\n\t<meta name=\"twitter:data1\" content=\"4 minutes\" \/>\n<script type=\"application\/ld+json\" class=\"yoast-schema-graph\">{\"@context\":\"https:\/\/schema.org\",\"@graph\":[{\"@type\":\"WebPage\",\"@id\":\"https:\/\/pakicatkombetare.al\/pakicat-kombetare-malazeze\/\",\"url\":\"https:\/\/pakicatkombetare.al\/pakicat-kombetare-malazeze\/\",\"name\":\"Pakica Komb\u00ebtare Malazeze - Pakicat Komb\u00ebtare n\u00eb Shqip\u00ebri\",\"isPartOf\":{\"@id\":\"https:\/\/pakicatkombetare.al\/#website\"},\"datePublished\":\"2025-06-26T08:11:46+00:00\",\"dateModified\":\"2025-07-30T09:46:08+00:00\",\"description\":\"Pakica Komb\u00ebtare Malazeze ka jetuar gjithmon\u00eb n\u00eb territorin e Shqip\u00ebris\u00eb dhe kan\u00eb identitetin e tyre etnik dhe kulturor.\",\"breadcrumb\":{\"@id\":\"https:\/\/pakicatkombetare.al\/pakicat-kombetare-malazeze\/#breadcrumb\"},\"inLanguage\":\"en-US\",\"potentialAction\":[{\"@type\":\"ReadAction\",\"target\":[\"https:\/\/pakicatkombetare.al\/pakicat-kombetare-malazeze\/\"]}]},{\"@type\":\"BreadcrumbList\",\"@id\":\"https:\/\/pakicatkombetare.al\/pakicat-kombetare-malazeze\/#breadcrumb\",\"itemListElement\":[{\"@type\":\"ListItem\",\"position\":1,\"name\":\"Home\",\"item\":\"https:\/\/pakicatkombetare.al\/\"},{\"@type\":\"ListItem\",\"position\":2,\"name\":\"Pakicat Komb\u00ebtare Malazeze\"}]},{\"@type\":\"WebSite\",\"@id\":\"https:\/\/pakicatkombetare.al\/#website\",\"url\":\"https:\/\/pakicatkombetare.al\/\",\"name\":\"Pakicat Komb\u00ebtare n\u00eb Shqip\u00ebri\",\"description\":\"\",\"potentialAction\":[{\"@type\":\"SearchAction\",\"target\":{\"@type\":\"EntryPoint\",\"urlTemplate\":\"https:\/\/pakicatkombetare.al\/?s={search_term_string}\"},\"query-input\":{\"@type\":\"PropertyValueSpecification\",\"valueRequired\":true,\"valueName\":\"search_term_string\"}}],\"inLanguage\":\"en-US\"}]}<\/script>\n<!-- \/ Yoast SEO plugin. -->","yoast_head_json":{"title":"Pakica Komb\u00ebtare Malazeze - Pakicat Komb\u00ebtare n\u00eb Shqip\u00ebri","description":"Pakica Komb\u00ebtare Malazeze ka jetuar gjithmon\u00eb n\u00eb territorin e Shqip\u00ebris\u00eb dhe kan\u00eb identitetin e tyre etnik dhe kulturor.","robots":{"index":"index","follow":"follow","max-snippet":"max-snippet:-1","max-image-preview":"max-image-preview:large","max-video-preview":"max-video-preview:-1"},"canonical":"https:\/\/pakicatkombetare.al\/en\/pakicat-kombetare-malazeze\/","og_locale":"en_US","og_type":"article","og_title":"Pakica Komb\u00ebtare Malazeze - Pakicat Komb\u00ebtare n\u00eb Shqip\u00ebri","og_description":"Pakica Komb\u00ebtare Malazeze ka jetuar gjithmon\u00eb n\u00eb territorin e Shqip\u00ebris\u00eb dhe kan\u00eb identitetin e tyre etnik dhe kulturor.","og_url":"https:\/\/pakicatkombetare.al\/en\/pakicat-kombetare-malazeze\/","og_site_name":"Pakicat Komb\u00ebtare n\u00eb Shqip\u00ebri","article_modified_time":"2025-07-30T09:46:08+00:00","twitter_card":"summary_large_image","twitter_misc":{"Est. reading time":"4 minutes"},"schema":{"@context":"https:\/\/schema.org","@graph":[{"@type":"WebPage","@id":"https:\/\/pakicatkombetare.al\/pakicat-kombetare-malazeze\/","url":"https:\/\/pakicatkombetare.al\/pakicat-kombetare-malazeze\/","name":"Pakica Komb\u00ebtare Malazeze - Pakicat Komb\u00ebtare n\u00eb Shqip\u00ebri","isPartOf":{"@id":"https:\/\/pakicatkombetare.al\/#website"},"datePublished":"2025-06-26T08:11:46+00:00","dateModified":"2025-07-30T09:46:08+00:00","description":"Pakica Komb\u00ebtare Malazeze ka jetuar gjithmon\u00eb n\u00eb territorin e Shqip\u00ebris\u00eb dhe kan\u00eb identitetin e tyre etnik dhe kulturor.","breadcrumb":{"@id":"https:\/\/pakicatkombetare.al\/pakicat-kombetare-malazeze\/#breadcrumb"},"inLanguage":"en-US","potentialAction":[{"@type":"ReadAction","target":["https:\/\/pakicatkombetare.al\/pakicat-kombetare-malazeze\/"]}]},{"@type":"BreadcrumbList","@id":"https:\/\/pakicatkombetare.al\/pakicat-kombetare-malazeze\/#breadcrumb","itemListElement":[{"@type":"ListItem","position":1,"name":"Home","item":"https:\/\/pakicatkombetare.al\/"},{"@type":"ListItem","position":2,"name":"Pakicat Komb\u00ebtare Malazeze"}]},{"@type":"WebSite","@id":"https:\/\/pakicatkombetare.al\/#website","url":"https:\/\/pakicatkombetare.al\/","name":"Pakicat Komb\u00ebtare n\u00eb Shqip\u00ebri","description":"","potentialAction":[{"@type":"SearchAction","target":{"@type":"EntryPoint","urlTemplate":"https:\/\/pakicatkombetare.al\/?s={search_term_string}"},"query-input":{"@type":"PropertyValueSpecification","valueRequired":true,"valueName":"search_term_string"}}],"inLanguage":"en-US"}]}},"rttpg_featured_image_url":null,"rttpg_author":{"display_name":"admin","author_link":"https:\/\/pakicatkombetare.al\/en\/author\/admin\/"},"rttpg_comment":0,"rttpg_category":false,"rttpg_excerpt":"Pakica Komb\u00ebtare MalazezePakica komb\u00ebtare malazeze \u00ebsht\u00eb nj\u00eb pakic\u00eb q\u00eb ka jetuar gjithmon\u00eb n\u00eb territorin e Shqip\u00ebris\u00eb dhe kan\u00eb identitetin e tyre etnik dhe kulturor. Kjo pakic\u00eb \u00ebsht\u00eb e p\u00ebrq\u00ebndruar kryesisht n\u00eb zon\u00ebn e Shkodr\u00ebs dhe rrethinat e saj. K\u00ebtu p\u00ebrfshihen edhe shtetas t\u00eb Shqip\u00ebris\u00eb t\u00eb cil\u00ebt jan\u00eb d\u00ebbuar nga Podgorica n\u00eb fillim t\u00eb viteve \u201920&hellip;","_links":{"self":[{"href":"https:\/\/pakicatkombetare.al\/en\/wp-json\/wp\/v2\/pages\/300","targetHints":{"allow":["GET"]}}],"collection":[{"href":"https:\/\/pakicatkombetare.al\/en\/wp-json\/wp\/v2\/pages"}],"about":[{"href":"https:\/\/pakicatkombetare.al\/en\/wp-json\/wp\/v2\/types\/page"}],"author":[{"embeddable":true,"href":"https:\/\/pakicatkombetare.al\/en\/wp-json\/wp\/v2\/users\/1"}],"replies":[{"embeddable":true,"href":"https:\/\/pakicatkombetare.al\/en\/wp-json\/wp\/v2\/comments?post=300"}],"version-history":[{"count":0,"href":"https:\/\/pakicatkombetare.al\/en\/wp-json\/wp\/v2\/pages\/300\/revisions"}],"wp:attachment":[{"href":"https:\/\/pakicatkombetare.al\/en\/wp-json\/wp\/v2\/media?parent=300"}],"wp:term":[{"taxonomy":"dipi_cpt_category","embeddable":true,"href":"https:\/\/pakicatkombetare.al\/en\/wp-json\/wp\/v2\/dipi_cpt_category?post=300"}],"curies":[{"name":"wp","href":"https:\/\/api.w.org\/{rel}","templated":true}]}}