{"id":284,"date":"2025-06-25T14:43:21","date_gmt":"2025-06-25T14:43:21","guid":{"rendered":"https:\/\/pakicatkombetare.al\/?page_id=284"},"modified":"2025-07-30T09:48:15","modified_gmt":"2025-07-30T09:48:15","slug":"pakicat-kombetare-egjiptiane","status":"publish","type":"page","link":"https:\/\/pakicatkombetare.al\/en\/pakicat-kombetare-egjiptiane\/","title":{"rendered":"Egyptian National Minority"},"content":{"rendered":"[et_pb_section fb_built=&#8221;1&#8243; disabled_on=&#8221;on|off|off&#8221; _builder_version=&#8221;4.24.0&#8243; _module_preset=&#8221;default&#8221; background_image=&#8221;https:\/\/pakicatkombetare.al\/wp-content\/uploads\/2025\/06\/pakica-egjiptiane-01-scaled.jpg&#8221; background_position=&#8221;top_right&#8221; background_vertical_offset=&#8221;27%&#8221; custom_margin=&#8221;0px||||false|false&#8221; custom_padding=&#8221;19px||223px||false|false&#8221; locked=&#8221;off&#8221; global_colors_info=&#8221;{}&#8221;][et_pb_row make_equal=&#8221;on&#8221; _builder_version=&#8221;4.27.4&#8243; _module_preset=&#8221;default&#8221; width=&#8221;100%&#8221; max_width=&#8221;1389px&#8221; custom_margin=&#8221;150px|auto||208px|false|false&#8221; global_colors_info=&#8221;{}&#8221;][et_pb_column type=&#8221;4_4&#8243; _builder_version=&#8221;4.27.4&#8243; _module_preset=&#8221;default&#8221; global_colors_info=&#8221;{}&#8221;][et_pb_text _builder_version=&#8221;4.24.0&#8243; _module_preset=&#8221;default&#8221; header_font_size=&#8221;62px&#8221; custom_margin=&#8221;|||33px|false|false&#8221; locked=&#8221;off&#8221; global_colors_info=&#8221;{}&#8221;]<h1 class=\"dsm-dual-heading-main et_pb_module_header translation-block\"><span style=\"color: #ffffff\"><strong>Egyptian<\/strong> National Minority<\/span><\/h1>[\/et_pb_text][\/et_pb_column][\/et_pb_row][\/et_pb_section][et_pb_section fb_built=&#8221;1&#8243; disabled_on=&#8221;on|off|off&#8221; _builder_version=&#8221;4.24.0&#8243; _module_preset=&#8221;default&#8221; background_color=&#8221;#f9f4f4&#8243; custom_margin=&#8221;-98px|||||&#8221; custom_padding=&#8221;121px||176px|||&#8221; border_radii=&#8221;off|70px|44px||&#8221; locked=&#8221;off&#8221; global_colors_info=&#8221;{}&#8221;][et_pb_row column_structure=&#8221;1_2,1_2&#8243; make_equal=&#8221;on&#8221; _builder_version=&#8221;4.27.4&#8243; _module_preset=&#8221;default&#8221; width=&#8221;100%&#8221; max_width=&#8221;1312px&#8221; global_colors_info=&#8221;{}&#8221;][et_pb_column type=&#8221;1_2&#8243; _builder_version=&#8221;4.27.4&#8243; _module_preset=&#8221;default&#8221; global_colors_info=&#8221;{}&#8221;][et_pb_image src=&#8221;https:\/\/pakicatkombetare.al\/wp-content\/uploads\/2025\/06\/485610805_660751769938972_4676953805709596545_n.jpg&#8221; _builder_version=&#8221;4.24.0&#8243; _module_preset=&#8221;default&#8221; z_index=&#8221;10&#8243; max_width=&#8221;61%&#8221; animation_style=&#8221;fade&#8221; animation_duration=&#8221;750ms&#8221; animation_delay=&#8221;250ms&#8221; scroll_fade=&#8221;0|25|25|59|0|100|100&#8243; hover_enabled=&#8221;0&#8243; border_width_all=&#8221;7px&#8221; border_color_all=&#8221;#FFFFFF&#8221; global_colors_info=&#8221;{}&#8221; sticky_enabled=&#8221;0&#8243;][\/et_pb_image][et_pb_image src=&#8221;https:\/\/pakicatkombetare.al\/wp-content\/uploads\/2025\/06\/484967171_660752696605546_7539002584306971143_n.jpg&#8221; _builder_version=&#8221;4.24.0&#8243; _module_preset=&#8221;default&#8221; max_width=&#8221;36%&#8221; custom_margin=&#8221;-243px|-18px||321px|false|false&#8221; animation_style=&#8221;fade&#8221; animation_duration=&#8221;750ms&#8221; animation_delay=&#8221;500ms&#8221; scroll_fade=&#8221;0|27|27|61|0|100|100&#8243; border_width_all=&#8221;7px&#8221; border_color_all=&#8221;#FFFFFF&#8221; global_colors_info=&#8221;{}&#8221;][\/et_pb_image][et_pb_image src=&#8221;https:\/\/pakicatkombetare.al\/wp-content\/uploads\/2025\/06\/511023739_735460342468114_2360892514436258369_n.jpg&#8221; _builder_version=&#8221;4.24.0&#8243; _module_preset=&#8221;default&#8221; max_width=&#8221;46%&#8221; custom_margin=&#8221;-245px|||-33px|false|false&#8221; animation_style=&#8221;fade&#8221; animation_duration=&#8221;750ms&#8221; animation_delay=&#8221;250ms&#8221; scroll_fade=&#8221;0|22|22|61|0|100|100&#8243; border_width_all=&#8221;7px&#8221; border_color_all=&#8221;#FFFFFF&#8221; global_colors_info=&#8221;{}&#8221;][\/et_pb_image][et_pb_image src=&#8221;https:\/\/pakicatkombetare.al\/wp-content\/uploads\/2025\/06\/480671568_641400158540800_3098932611096749590_n.jpg&#8221; _builder_version=&#8221;4.24.0&#8243; _module_preset=&#8221;default&#8221; max_width=&#8221;66%&#8221; custom_margin=&#8221;-384px|-283px||200px|false|false&#8221; animation_style=&#8221;fade&#8221; animation_duration=&#8221;750ms&#8221; animation_delay=&#8221;250ms&#8221; scroll_fade=&#8221;0|21|21|56|0|100|100&#8243; border_width_all=&#8221;7px&#8221; border_color_all=&#8221;#FFFFFF&#8221; global_colors_info=&#8221;{}&#8221;][\/et_pb_image][\/et_pb_column][et_pb_column type=&#8221;1_2&#8243; _builder_version=&#8221;4.27.4&#8243; _module_preset=&#8221;default&#8221; global_colors_info=&#8221;{}&#8221;][et_pb_text _builder_version=&#8221;4.24.0&#8243; _module_preset=&#8221;default&#8221; header_font=&#8221;||||||||&#8221; header_font_size=&#8221;48px&#8221; header_line_height=&#8221;1.1em&#8221; header_2_font_size=&#8221;46px&#8221; custom_margin=&#8221;16px|-44px|-11px|71px||&#8221; global_colors_info=&#8221;{}&#8221;]<h2 style=\"text-align: left;\" class=\"translation-block\"><strong style=\"color: #ee5641\">The egyptian minority<br> <\/strong> are a present minority<\/h2>\n<h2 style=\"text-align: left;\"><\/h2>[\/et_pb_text][et_pb_text _builder_version=&#8221;4.24.0&#8243; _module_preset=&#8221;default&#8221; text_font=&#8221;|300|||||||&#8221; text_text_color=&#8221;#424242&#8243; text_font_size=&#8221;19px&#8221; custom_margin=&#8221;25px|1px||76px|false|false&#8221; custom_padding=&#8221;0px|0px|71px||false|false&#8221; locked=&#8221;off&#8221; global_colors_info=&#8221;{}&#8221;]<p style=\"text-align: justify;\">present historically in Albania and the Balkans since the 13th\u201312th centuries BCE. This national minority, originating from ancient Egypt, coincides with the era of the Iron Revolution. The search, exploration, and transportation of iron, along with the need to improve living conditions and other social factors, were reasons for their continuous migration from ancient Egypt to the Balkans, including Albania. These movements of this minority coincide with the time of Ramses II.<\/p>[\/et_pb_text][et_pb_accordion open_toggle_background_color=&#8221;#FFFFFF&#8221; closed_toggle_text_color=&#8221;#FFFFFF&#8221; closed_toggle_background_color=&#8221;#ee5641&#8243; icon_color=&#8221;#FFFFFF&#8221; use_icon_font_size=&#8221;on&#8221; icon_font_size=&#8221;24px&#8221; _builder_version=&#8221;4.24.0&#8243; _module_preset=&#8221;default&#8221; toggle_level=&#8221;h3&#8243; toggle_font=&#8221;|600|||||||&#8221; body_font=&#8221;|300|||||||&#8221; body_text_color=&#8221;#242424&#8243; body_font_size=&#8221;16px&#8221; custom_margin=&#8221;45px|||78px|false|false&#8221; border_width_all=&#8221;0px&#8221; global_colors_info=&#8221;{}&#8221;][et_pb_accordion_item title=&#8221;Karakteristikat dhe Ve\u00e7orit\u00eb Dalluese&#8221; _builder_version=&#8221;4.24.0&#8243; _module_preset=&#8221;default&#8221; global_colors_info=&#8221;{}&#8221; open=&#8221;on&#8221;]<p style=\"text-align: justify;\"><span>The Egyptian National Minority is known for their craftsmanship in iron and metalworking, pottery and ceramics, and embroidery. In some areas of Albania, certain traditional costumes have been preserved with great dedication. Their anthropological features and dark skin tone, settlements near the castles of the respective cities, as well as their songs and dances, stand out. Since ancient times, the Egyptians of Albania have been distinguished by their coexistence and harmony with other national minorities and with the Albanians.\u00a0<\/span><\/p>[\/et_pb_accordion_item][et_pb_accordion_item title=&#8221;Identiteti dhe Gjuha&#8221; _builder_version=&#8221;4.24.0&#8243; _module_preset=&#8221;default&#8221; global_colors_info=&#8221;{}&#8221; open=&#8221;off&#8221;]<p style=\"text-align: justify;\"><span>Due to adaptation, the desire for integration, centuries of history, as well as other socio-economic and political factors, geographical positioning, and their status as immigrants, the identity of the Egyptians gradually began to fade during the Ottoman Empire in the Balkans. As a result of these influencing factors, the language was also lost. The official identity\/designation is \u201cEthno-Cultural National Minority.\u201d\u00a0<\/span><\/p>[\/et_pb_accordion_item][et_pb_accordion_item title=&#8221;Vendbanimet e Egjiptian\u00ebve t\u00eb Shqip\u00ebris\u00eb&#8221; open=&#8221;off&#8221; _builder_version=&#8221;4.24.0&#8243; _module_preset=&#8221;default&#8221; global_colors_info=&#8221;{}&#8221;]<p style=\"text-align: justify;\">This national minority is found in almost every city and village in Albania. Their largest concentrations are in the cities of Tirana, Berat, Kor\u00e7\u00eb, Ku\u00e7ov\u00eb, Elbasan, Durr\u00ebs, Shkod\u00ebr, Gjirokast\u00ebr, P\u00ebrmet, Lezh\u00eb, and others. According to the 2023 census, the official number of the Egyptian minority in Albania is 12,375 people.<\/p>\n<p style=\"text-align: justify;\">The National Day of the Egyptian Minority in Albania is June 24th.<\/p>[\/et_pb_accordion_item][\/et_pb_accordion][\/et_pb_column][\/et_pb_row][\/et_pb_section][et_pb_section fb_built=&#8221;1&#8243; disabled_on=&#8221;off|on|on&#8221; _builder_version=&#8221;4.24.0&#8243; _module_preset=&#8221;default&#8221; background_image=&#8221;https:\/\/pakicatkombetare.al\/wp-content\/uploads\/2025\/06\/pakica-egjiptiane-01-scaled.jpg&#8221; custom_margin=&#8221;0px||||false|false&#8221; custom_padding=&#8221;26px||39px||false|false&#8221; locked=&#8221;off&#8221; global_colors_info=&#8221;{}&#8221;][et_pb_row make_equal=&#8221;on&#8221; _builder_version=&#8221;4.27.4&#8243; _module_preset=&#8221;default&#8221; width=&#8221;100%&#8221; max_width=&#8221;1389px&#8221; custom_margin=&#8221;-2px|auto||auto|false|false&#8221; global_colors_info=&#8221;{}&#8221;][et_pb_column type=&#8221;4_4&#8243; _builder_version=&#8221;4.27.4&#8243; _module_preset=&#8221;default&#8221; global_colors_info=&#8221;{}&#8221;][et_pb_text _builder_version=&#8221;4.24.0&#8243; _module_preset=&#8221;default&#8221; text_line_height=&#8221;0.7em&#8221; header_font_size=&#8221;39px&#8221; header_line_height=&#8221;0.8em&#8221; custom_margin=&#8221;|||33px|false|false&#8221; locked=&#8221;off&#8221; global_colors_info=&#8221;{}&#8221;]<h1 class=\"dsm-dual-heading-main et_pb_module_header\"><span style=\"color: #ffffff;\">Minorities <\/span><\/h1>\n<h1 class=\"dsm-dual-heading-main et_pb_module_header\"><span style=\"color: #ffffff;\">Natio<span>e<\/span>tare <\/span><\/h1>\n<h1 class=\"dsm-dual-heading-main et_pb_module_header\"><strong><span style=\"color: #ffffff;\">Egjiptiane<\/span><\/strong><\/h1>[\/et_pb_text][\/et_pb_column][\/et_pb_row][\/et_pb_section][et_pb_section fb_built=&#8221;1&#8243; disabled_on=&#8221;off|on|on&#8221; _builder_version=&#8221;4.24.0&#8243; _module_preset=&#8221;default&#8221; background_color=&#8221;#f9f4f4&#8243; custom_margin=&#8221;-26px|||||&#8221; border_radii=&#8221;off|24px|24px||&#8221; locked=&#8221;off&#8221; global_colors_info=&#8221;{}&#8221;][et_pb_row column_structure=&#8221;1_2,1_2&#8243; make_equal=&#8221;on&#8221; _builder_version=&#8221;4.24.0&#8243; _module_preset=&#8221;default&#8221; width=&#8221;100%&#8221; max_width=&#8221;1312px&#8221; custom_padding=&#8221;21px|||||&#8221; locked=&#8221;off&#8221; global_colors_info=&#8221;{}&#8221;][et_pb_column type=&#8221;1_2&#8243; _builder_version=&#8221;4.27.4&#8243; _module_preset=&#8221;default&#8221; global_colors_info=&#8221;{}&#8221;][et_pb_text _builder_version=&#8221;4.24.0&#8243; _module_preset=&#8221;default&#8221; header_font=&#8221;||||||||&#8221; header_font_size=&#8221;36px&#8221; header_line_height=&#8221;1.1em&#8221; header_2_font_size=&#8221;33px&#8221; custom_margin=&#8221;-3px|38px|-11px|39px|false|false&#8221; locked=&#8221;off&#8221; global_colors_info=&#8221;{}&#8221;]<h2 style=\"text-align: left;\" class=\"translation-block\"><strong style=\"color: #ee5641\">The egyptian minority<br> <\/strong> are a present minority<\/h2>\n<p style=\"text-align: left;\"><\/p>[\/et_pb_text][et_pb_text _builder_version=&#8221;4.24.0&#8243; _module_preset=&#8221;default&#8221; text_font=&#8221;|300|||||||&#8221; text_text_color=&#8221;#424242&#8243; text_font_size=&#8221;19px&#8221; custom_margin=&#8221;23px|1px||39px|false|false&#8221; custom_padding=&#8221;0px|42px|71px||false|false&#8221; locked=&#8221;off&#8221; global_colors_info=&#8221;{}&#8221;]<p style=\"text-align: justify;\">present historically in Albania and the Balkans since the 13th\u201312th centuries BCE. This national minority, originating from ancient Egypt, coincides with the era of the Iron Revolution. The search, exploration, and transportation of iron, along with the need to improve living conditions and other social factors, were reasons for their continuous migration from ancient Egypt to the Balkans, including Albania. These movements of this minority coincide with the time of Ramses II.<\/p>[\/et_pb_text][et_pb_accordion open_toggle_background_color=&#8221;#FFFFFF&#8221; closed_toggle_text_color=&#8221;#FFFFFF&#8221; closed_toggle_background_color=&#8221;#ee5641&#8243; icon_color=&#8221;#FFFFFF&#8221; use_icon_font_size=&#8221;on&#8221; icon_font_size=&#8221;24px&#8221; _builder_version=&#8221;4.24.0&#8243; _module_preset=&#8221;default&#8221; toggle_level=&#8221;h3&#8243; toggle_font=&#8221;|600|||||||&#8221; body_font=&#8221;|300|||||||&#8221; body_text_color=&#8221;#242424&#8243; body_font_size=&#8221;16px&#8221; custom_margin=&#8221;-7px|37px||37px|false|false&#8221; border_width_all=&#8221;0px&#8221; locked=&#8221;off&#8221; global_colors_info=&#8221;{}&#8221;][et_pb_accordion_item title=&#8221;Karakteristikat dhe Ve\u00e7orit\u00eb Dalluese&#8221; _builder_version=&#8221;4.24.0&#8243; _module_preset=&#8221;default&#8221; global_colors_info=&#8221;{}&#8221; open=&#8221;on&#8221;]<p style=\"text-align: justify;\"><span>The Egyptian National Minority is known for their craftsmanship in iron and metalworking, pottery and ceramics, and embroidery. In some areas of Albania, certain traditional costumes have been preserved with great dedication. Their anthropological features and dark skin tone, settlements near the castles of the respective cities, as well as their songs and dances, stand out. Since ancient times, the Egyptians of Albania have been distinguished by their coexistence and harmony with other national minorities and with the Albanians.\u00a0<\/span><\/p>[\/et_pb_accordion_item][et_pb_accordion_item title=&#8221;Identiteti dhe Gjuha&#8221; _builder_version=&#8221;4.24.0&#8243; _module_preset=&#8221;default&#8221; global_colors_info=&#8221;{}&#8221; open=&#8221;off&#8221;]<p style=\"text-align: justify;\"><span>Due to adaptation, the desire for integration, centuries of history, as well as other socio-economic and political factors, geographical positioning, and their status as immigrants, the identity of the Egyptians gradually began to fade during the Ottoman Empire in the Balkans. As a result of these influencing factors, the language was also lost. The official identity\/designation is \u201cEthno-Cultural National Minority.\u201d\u00a0<\/span><\/p>\n<ol><\/ol>[\/et_pb_accordion_item][et_pb_accordion_item title=&#8221;Vendbanimet e Egjiptian\u00ebve t\u00eb Shqip\u00ebris\u00eb&#8221; open=&#8221;off&#8221; _builder_version=&#8221;4.24.0&#8243; _module_preset=&#8221;default&#8221; global_colors_info=&#8221;{}&#8221;]<p style=\"text-align: justify;\">This national minority is found in almost every city and village in Albania. Their largest concentrations are in the cities of Tirana, Berat, Kor\u00e7\u00eb, Ku\u00e7ov\u00eb, Elbasan, Durr\u00ebs, Shkod\u00ebr, Gjirokast\u00ebr, P\u00ebrmet, Lezh\u00eb, and others. According to the 2023 census, the official number of the Egyptian minority in Albania is 12,375 people.<\/p>\n<p style=\"text-align: justify;\">The National Day of the Egyptian Minority in Albania is June 24th.<\/p>[\/et_pb_accordion_item][\/et_pb_accordion][et_pb_image src=&#8221;https:\/\/pakicatkombetare.al\/wp-content\/uploads\/2025\/06\/485610805_660751769938972_4676953805709596545_n.jpg&#8221; _builder_version=&#8221;4.24.0&#8243; _module_preset=&#8221;default&#8221; z_index=&#8221;10&#8243; max_width=&#8221;64%&#8221; custom_margin=&#8221;96px|||34px|false|false&#8221; animation_style=&#8221;fade&#8221; animation_duration=&#8221;750ms&#8221; animation_delay=&#8221;250ms&#8221; scroll_fade=&#8221;0|25|25|59|0|100|100&#8243; border_width_all=&#8221;7px&#8221; border_color_all=&#8221;#FFFFFF&#8221; global_colors_info=&#8221;{}&#8221;][\/et_pb_image][et_pb_image src=&#8221;https:\/\/pakicatkombetare.al\/wp-content\/uploads\/2025\/06\/484967171_660752696605546_7539002584306971143_n.jpg&#8221; _builder_version=&#8221;4.24.0&#8243; _module_preset=&#8221;default&#8221; max_width=&#8221;47%&#8221; custom_margin=&#8221;-94px|-53px||178px|false|false&#8221; animation_style=&#8221;fade&#8221; animation_duration=&#8221;750ms&#8221; animation_delay=&#8221;500ms&#8221; scroll_fade=&#8221;0|27|27|61|0|100|100&#8243; border_width_all=&#8221;7px&#8221; border_color_all=&#8221;#FFFFFF&#8221; global_colors_info=&#8221;{}&#8221;][\/et_pb_image][et_pb_image src=&#8221;https:\/\/pakicatkombetare.al\/wp-content\/uploads\/2025\/06\/511023739_735460342468114_2360892514436258369_n.jpg&#8221; _builder_version=&#8221;4.24.0&#8243; _module_preset=&#8221;default&#8221; max_width=&#8221;45%&#8221; custom_margin=&#8221;-279px|||44px|false|false&#8221; animation_style=&#8221;fade&#8221; animation_duration=&#8221;750ms&#8221; animation_delay=&#8221;250ms&#8221; scroll_fade=&#8221;0|22|22|61|0|100|100&#8243; border_width_all=&#8221;7px&#8221; border_color_all=&#8221;#FFFFFF&#8221; global_colors_info=&#8221;{}&#8221;][\/et_pb_image][et_pb_image src=&#8221;https:\/\/pakicatkombetare.al\/wp-content\/uploads\/2025\/06\/480671568_641400158540800_3098932611096749590_n.jpg&#8221; _builder_version=&#8221;4.24.0&#8243; _module_preset=&#8221;default&#8221; max_width=&#8221;73%&#8221; custom_margin=&#8221;-53px|-54px||79px|false|false&#8221; animation_style=&#8221;fade&#8221; animation_duration=&#8221;750ms&#8221; animation_delay=&#8221;250ms&#8221; scroll_fade=&#8221;0|21|21|56|0|100|100&#8243; border_width_all=&#8221;7px&#8221; border_color_all=&#8221;#FFFFFF&#8221; global_colors_info=&#8221;{}&#8221;][\/et_pb_image][\/et_pb_column][et_pb_column type=&#8221;1_2&#8243; _builder_version=&#8221;4.27.4&#8243; _module_preset=&#8221;default&#8221; global_colors_info=&#8221;{}&#8221;][\/et_pb_column][\/et_pb_row][\/et_pb_section]","protected":false},"excerpt":{"rendered":"<p>Pakica Komb\u00ebtare EgjiptianeEgjiptian\u00ebt e Shqip\u00ebris\u00eb tashm\u00eb jan\u00eb nj\u00eb pakic\u00eb komb\u00ebtare prezente dhe historike n\u00eb Shqip\u00ebri dhe n\u00eb Ballkan q\u00eb prej shekullit XIII \u2013 XII p.e.s. Kjo pakic\u00eb komb\u00ebtare me origjin\u00eb nga Egjipti i lasht\u00eb p\u00ebrkon me epok\u00ebn e revolucionit t\u00eb hekurit. K\u00ebrkimi, eksplorimi, transporti i hekurit, nevoja p\u00ebr p\u00ebrmir\u00ebsimin e kushteve t\u00eb jetes\u00ebs dhe t\u00eb [&hellip;]<\/p>","protected":false},"author":1,"featured_media":0,"parent":0,"menu_order":0,"comment_status":"closed","ping_status":"closed","template":"","meta":{"_et_pb_use_builder":"on","_et_pb_old_content":"","_et_gb_content_width":"","footnotes":""},"dipi_cpt_category":[],"class_list":["post-284","page","type-page","status-publish","hentry"],"yoast_head":"<!-- This site is optimized with the Yoast SEO plugin v25.5 - https:\/\/yoast.com\/wordpress\/plugins\/seo\/ -->\n<title>Pakica Komb\u00ebtare Egjiptiane - Pakicat Komb\u00ebtare n\u00eb Shqip\u00ebri<\/title>\n<meta name=\"description\" content=\"Pakica Komb\u00ebtare Egjiptiane jan\u00eb nj\u00eb pakic\u00ebkomb\u00ebtare prezente dhe historike n\u00eb Shqip\u00ebri dhe n\u00eb Ballkan q\u00eb prej shekullit XIII \u2013 XII p.e.s.\" \/>\n<meta name=\"robots\" content=\"index, follow, max-snippet:-1, max-image-preview:large, max-video-preview:-1\" \/>\n<link rel=\"canonical\" href=\"https:\/\/pakicatkombetare.al\/en\/pakicat-kombetare-egjiptiane\/\" \/>\n<meta property=\"og:locale\" content=\"en_US\" \/>\n<meta property=\"og:type\" content=\"article\" \/>\n<meta property=\"og:title\" content=\"Pakica Komb\u00ebtare Egjiptiane - Pakicat Komb\u00ebtare n\u00eb Shqip\u00ebri\" \/>\n<meta property=\"og:description\" content=\"Pakica Komb\u00ebtare Egjiptiane jan\u00eb nj\u00eb pakic\u00ebkomb\u00ebtare prezente dhe historike n\u00eb Shqip\u00ebri dhe n\u00eb Ballkan q\u00eb prej shekullit XIII \u2013 XII p.e.s.\" \/>\n<meta property=\"og:url\" content=\"https:\/\/pakicatkombetare.al\/en\/pakicat-kombetare-egjiptiane\/\" \/>\n<meta property=\"og:site_name\" content=\"Pakicat Komb\u00ebtare n\u00eb Shqip\u00ebri\" \/>\n<meta property=\"article:modified_time\" content=\"2025-07-30T09:48:15+00:00\" \/>\n<meta name=\"twitter:card\" content=\"summary_large_image\" \/>\n<meta name=\"twitter:label1\" content=\"Est. reading time\" \/>\n\t<meta name=\"twitter:data1\" content=\"5 minutes\" \/>\n<script type=\"application\/ld+json\" class=\"yoast-schema-graph\">{\"@context\":\"https:\/\/schema.org\",\"@graph\":[{\"@type\":\"WebPage\",\"@id\":\"https:\/\/pakicatkombetare.al\/pakicat-kombetare-egjiptiane\/\",\"url\":\"https:\/\/pakicatkombetare.al\/pakicat-kombetare-egjiptiane\/\",\"name\":\"Pakica Komb\u00ebtare Egjiptiane - Pakicat Komb\u00ebtare n\u00eb Shqip\u00ebri\",\"isPartOf\":{\"@id\":\"https:\/\/pakicatkombetare.al\/#website\"},\"datePublished\":\"2025-06-25T14:43:21+00:00\",\"dateModified\":\"2025-07-30T09:48:15+00:00\",\"description\":\"Pakica Komb\u00ebtare Egjiptiane jan\u00eb nj\u00eb pakic\u00ebkomb\u00ebtare prezente dhe historike n\u00eb Shqip\u00ebri dhe n\u00eb Ballkan q\u00eb prej shekullit XIII \u2013 XII p.e.s.\",\"breadcrumb\":{\"@id\":\"https:\/\/pakicatkombetare.al\/pakicat-kombetare-egjiptiane\/#breadcrumb\"},\"inLanguage\":\"en-US\",\"potentialAction\":[{\"@type\":\"ReadAction\",\"target\":[\"https:\/\/pakicatkombetare.al\/pakicat-kombetare-egjiptiane\/\"]}]},{\"@type\":\"BreadcrumbList\",\"@id\":\"https:\/\/pakicatkombetare.al\/pakicat-kombetare-egjiptiane\/#breadcrumb\",\"itemListElement\":[{\"@type\":\"ListItem\",\"position\":1,\"name\":\"Home\",\"item\":\"https:\/\/pakicatkombetare.al\/\"},{\"@type\":\"ListItem\",\"position\":2,\"name\":\"Pakicat Komb\u00ebtare Egjiptiane\"}]},{\"@type\":\"WebSite\",\"@id\":\"https:\/\/pakicatkombetare.al\/#website\",\"url\":\"https:\/\/pakicatkombetare.al\/\",\"name\":\"Pakicat Komb\u00ebtare n\u00eb Shqip\u00ebri\",\"description\":\"\",\"potentialAction\":[{\"@type\":\"SearchAction\",\"target\":{\"@type\":\"EntryPoint\",\"urlTemplate\":\"https:\/\/pakicatkombetare.al\/?s={search_term_string}\"},\"query-input\":{\"@type\":\"PropertyValueSpecification\",\"valueRequired\":true,\"valueName\":\"search_term_string\"}}],\"inLanguage\":\"en-US\"}]}<\/script>\n<!-- \/ Yoast SEO plugin. -->","yoast_head_json":{"title":"Pakica Komb\u00ebtare Egjiptiane - Pakicat Komb\u00ebtare n\u00eb Shqip\u00ebri","description":"Pakica Komb\u00ebtare Egjiptiane jan\u00eb nj\u00eb pakic\u00ebkomb\u00ebtare prezente dhe historike n\u00eb Shqip\u00ebri dhe n\u00eb Ballkan q\u00eb prej shekullit XIII \u2013 XII p.e.s.","robots":{"index":"index","follow":"follow","max-snippet":"max-snippet:-1","max-image-preview":"max-image-preview:large","max-video-preview":"max-video-preview:-1"},"canonical":"https:\/\/pakicatkombetare.al\/en\/pakicat-kombetare-egjiptiane\/","og_locale":"en_US","og_type":"article","og_title":"Pakica Komb\u00ebtare Egjiptiane - Pakicat Komb\u00ebtare n\u00eb Shqip\u00ebri","og_description":"Pakica Komb\u00ebtare Egjiptiane jan\u00eb nj\u00eb pakic\u00ebkomb\u00ebtare prezente dhe historike n\u00eb Shqip\u00ebri dhe n\u00eb Ballkan q\u00eb prej shekullit XIII \u2013 XII p.e.s.","og_url":"https:\/\/pakicatkombetare.al\/en\/pakicat-kombetare-egjiptiane\/","og_site_name":"Pakicat Komb\u00ebtare n\u00eb Shqip\u00ebri","article_modified_time":"2025-07-30T09:48:15+00:00","twitter_card":"summary_large_image","twitter_misc":{"Est. reading time":"5 minutes"},"schema":{"@context":"https:\/\/schema.org","@graph":[{"@type":"WebPage","@id":"https:\/\/pakicatkombetare.al\/pakicat-kombetare-egjiptiane\/","url":"https:\/\/pakicatkombetare.al\/pakicat-kombetare-egjiptiane\/","name":"Pakica Komb\u00ebtare Egjiptiane - Pakicat Komb\u00ebtare n\u00eb Shqip\u00ebri","isPartOf":{"@id":"https:\/\/pakicatkombetare.al\/#website"},"datePublished":"2025-06-25T14:43:21+00:00","dateModified":"2025-07-30T09:48:15+00:00","description":"Pakica Komb\u00ebtare Egjiptiane jan\u00eb nj\u00eb pakic\u00ebkomb\u00ebtare prezente dhe historike n\u00eb Shqip\u00ebri dhe n\u00eb Ballkan q\u00eb prej shekullit XIII \u2013 XII p.e.s.","breadcrumb":{"@id":"https:\/\/pakicatkombetare.al\/pakicat-kombetare-egjiptiane\/#breadcrumb"},"inLanguage":"en-US","potentialAction":[{"@type":"ReadAction","target":["https:\/\/pakicatkombetare.al\/pakicat-kombetare-egjiptiane\/"]}]},{"@type":"BreadcrumbList","@id":"https:\/\/pakicatkombetare.al\/pakicat-kombetare-egjiptiane\/#breadcrumb","itemListElement":[{"@type":"ListItem","position":1,"name":"Home","item":"https:\/\/pakicatkombetare.al\/"},{"@type":"ListItem","position":2,"name":"Pakicat Komb\u00ebtare Egjiptiane"}]},{"@type":"WebSite","@id":"https:\/\/pakicatkombetare.al\/#website","url":"https:\/\/pakicatkombetare.al\/","name":"Pakicat Komb\u00ebtare n\u00eb Shqip\u00ebri","description":"","potentialAction":[{"@type":"SearchAction","target":{"@type":"EntryPoint","urlTemplate":"https:\/\/pakicatkombetare.al\/?s={search_term_string}"},"query-input":{"@type":"PropertyValueSpecification","valueRequired":true,"valueName":"search_term_string"}}],"inLanguage":"en-US"}]}},"rttpg_featured_image_url":null,"rttpg_author":{"display_name":"admin","author_link":"https:\/\/pakicatkombetare.al\/en\/author\/admin\/"},"rttpg_comment":0,"rttpg_category":false,"rttpg_excerpt":"Pakica Komb\u00ebtare EgjiptianeEgjiptian\u00ebt e Shqip\u00ebris\u00eb tashm\u00eb jan\u00eb nj\u00eb pakic\u00eb komb\u00ebtare prezente dhe historike n\u00eb Shqip\u00ebri dhe n\u00eb Ballkan q\u00eb prej shekullit XIII \u2013 XII p.e.s. Kjo pakic\u00eb komb\u00ebtare me origjin\u00eb nga Egjipti i lasht\u00eb p\u00ebrkon me epok\u00ebn e revolucionit t\u00eb hekurit. K\u00ebrkimi, eksplorimi, transporti i hekurit, nevoja p\u00ebr p\u00ebrmir\u00ebsimin e kushteve t\u00eb jetes\u00ebs dhe t\u00eb&hellip;","_links":{"self":[{"href":"https:\/\/pakicatkombetare.al\/en\/wp-json\/wp\/v2\/pages\/284","targetHints":{"allow":["GET"]}}],"collection":[{"href":"https:\/\/pakicatkombetare.al\/en\/wp-json\/wp\/v2\/pages"}],"about":[{"href":"https:\/\/pakicatkombetare.al\/en\/wp-json\/wp\/v2\/types\/page"}],"author":[{"embeddable":true,"href":"https:\/\/pakicatkombetare.al\/en\/wp-json\/wp\/v2\/users\/1"}],"replies":[{"embeddable":true,"href":"https:\/\/pakicatkombetare.al\/en\/wp-json\/wp\/v2\/comments?post=284"}],"version-history":[{"count":0,"href":"https:\/\/pakicatkombetare.al\/en\/wp-json\/wp\/v2\/pages\/284\/revisions"}],"wp:attachment":[{"href":"https:\/\/pakicatkombetare.al\/en\/wp-json\/wp\/v2\/media?parent=284"}],"wp:term":[{"taxonomy":"dipi_cpt_category","embeddable":true,"href":"https:\/\/pakicatkombetare.al\/en\/wp-json\/wp\/v2\/dipi_cpt_category?post=284"}],"curies":[{"name":"wp","href":"https:\/\/api.w.org\/{rel}","templated":true}]}}