{"id":228,"date":"2025-06-25T13:15:54","date_gmt":"2025-06-25T13:15:54","guid":{"rendered":"https:\/\/pakicatkombetare.al\/?page_id=228"},"modified":"2025-07-30T09:48:37","modified_gmt":"2025-07-30T09:48:37","slug":"pakicat-kombetare-bullgare","status":"publish","type":"page","link":"https:\/\/pakicatkombetare.al\/en\/pakicat-kombetare-bullgare\/","title":{"rendered":"Bulgarian National Minority"},"content":{"rendered":"[et_pb_section fb_built=&#8221;1&#8243; disabled_on=&#8221;on|off|off&#8221; _builder_version=&#8221;4.24.0&#8243; _module_preset=&#8221;default&#8221; background_image=&#8221;https:\/\/pakicatkombetare.al\/wp-content\/uploads\/2025\/06\/pakica-bullgare-01-scaled.jpg&#8221; custom_margin=&#8221;0px||||false|false&#8221; custom_padding=&#8221;19px||223px||false|false&#8221; locked=&#8221;off&#8221; global_colors_info=&#8221;{}&#8221;][et_pb_row make_equal=&#8221;on&#8221; _builder_version=&#8221;4.27.4&#8243; _module_preset=&#8221;default&#8221; width=&#8221;100%&#8221; max_width=&#8221;1389px&#8221; custom_margin=&#8221;150px|auto||208px|false|false&#8221; global_colors_info=&#8221;{}&#8221;][et_pb_column type=&#8221;4_4&#8243; _builder_version=&#8221;4.27.4&#8243; _module_preset=&#8221;default&#8221; global_colors_info=&#8221;{}&#8221;][et_pb_text _builder_version=&#8221;4.24.0&#8243; _module_preset=&#8221;default&#8221; header_font_size=&#8221;62px&#8221; custom_margin=&#8221;|||33px|false|false&#8221; hover_enabled=&#8221;0&#8243; locked=&#8221;off&#8221; global_colors_info=&#8221;{}&#8221; sticky_enabled=&#8221;0&#8243;]<h1 class=\"dsm-dual-heading-main et_pb_module_header translation-block\"><span style=\"color: #ffffff\"><strong>Bulgarian<\/strong> National Minority<\/span><\/h1>[\/et_pb_text][\/et_pb_column][\/et_pb_row][\/et_pb_section][et_pb_section fb_built=&#8221;1&#8243; disabled_on=&#8221;on|off|off&#8221; _builder_version=&#8221;4.24.0&#8243; _module_preset=&#8221;default&#8221; background_color=&#8221;#f9f4f4&#8243; custom_margin=&#8221;-98px|||||&#8221; custom_padding=&#8221;121px||176px|||&#8221; border_radii=&#8221;off|70px|44px||&#8221; locked=&#8221;off&#8221; global_colors_info=&#8221;{}&#8221;][et_pb_row column_structure=&#8221;1_2,1_2&#8243; make_equal=&#8221;on&#8221; _builder_version=&#8221;4.27.4&#8243; _module_preset=&#8221;default&#8221; width=&#8221;100%&#8221; max_width=&#8221;1312px&#8221; global_colors_info=&#8221;{}&#8221;][et_pb_column type=&#8221;1_2&#8243; _builder_version=&#8221;4.27.4&#8243; _module_preset=&#8221;default&#8221; global_colors_info=&#8221;{}&#8221;][et_pb_image src=&#8221;https:\/\/pakicatkombetare.al\/wp-content\/uploads\/2025\/06\/482250278_655183827162433_1531826834348588421_n.jpg&#8221; _builder_version=&#8221;4.24.0&#8243; _module_preset=&#8221;default&#8221; z_index=&#8221;10&#8243; max_width=&#8221;94%&#8221; animation_style=&#8221;fade&#8221; animation_duration=&#8221;750ms&#8221; animation_delay=&#8221;250ms&#8221; scroll_fade=&#8221;0|25|25|59|0|100|100&#8243; border_width_all=&#8221;7px&#8221; border_color_all=&#8221;#FFFFFF&#8221; global_colors_info=&#8221;{}&#8221;][\/et_pb_image][et_pb_image src=&#8221;https:\/\/pakicatkombetare.al\/wp-content\/uploads\/2025\/06\/484108218_657733133574169_5150895387177901089_n.jpg&#8221; _builder_version=&#8221;4.24.0&#8243; _module_preset=&#8221;default&#8221; max_width=&#8221;100%&#8221; custom_margin=&#8221;-66px|-18px||254px|false|false&#8221; animation_style=&#8221;fade&#8221; animation_duration=&#8221;750ms&#8221; animation_delay=&#8221;500ms&#8221; scroll_fade=&#8221;0|27|27|61|0|100|100&#8243; border_width_all=&#8221;7px&#8221; border_color_all=&#8221;#FFFFFF&#8221; global_colors_info=&#8221;{}&#8221;][\/et_pb_image][et_pb_image src=&#8221;https:\/\/pakicatkombetare.al\/wp-content\/uploads\/2025\/06\/480674425_641393821874767_6239806784001521265_n.jpg&#8221; _builder_version=&#8221;4.24.0&#8243; _module_preset=&#8221;default&#8221; max_width=&#8221;57%&#8221; custom_margin=&#8221;-96px|||15px|false|false&#8221; animation_style=&#8221;fade&#8221; animation_duration=&#8221;750ms&#8221; animation_delay=&#8221;250ms&#8221; scroll_fade=&#8221;0|22|22|61|0|100|100&#8243; border_width_all=&#8221;7px&#8221; border_color_all=&#8221;#FFFFFF&#8221; global_colors_info=&#8221;{}&#8221;][\/et_pb_image][et_pb_image src=&#8221;https:\/\/pakicatkombetare.al\/wp-content\/uploads\/2025\/06\/483527727_655183793829103_8249584551005786991_n.jpg&#8221; _builder_version=&#8221;4.24.0&#8243; _module_preset=&#8221;default&#8221; max_width=&#8221;63%&#8221; custom_margin=&#8221;-82px|-283px||200px|false|false&#8221; animation_style=&#8221;fade&#8221; animation_duration=&#8221;750ms&#8221; animation_delay=&#8221;250ms&#8221; scroll_fade=&#8221;0|21|21|56|0|100|100&#8243; border_width_all=&#8221;7px&#8221; border_color_all=&#8221;#FFFFFF&#8221; global_colors_info=&#8221;{}&#8221;][\/et_pb_image][\/et_pb_column][et_pb_column type=&#8221;1_2&#8243; _builder_version=&#8221;4.27.4&#8243; _module_preset=&#8221;default&#8221; global_colors_info=&#8221;{}&#8221;][et_pb_text _builder_version=&#8221;4.24.0&#8243; _module_preset=&#8221;default&#8221; header_font=&#8221;||||||||&#8221; header_font_size=&#8221;48px&#8221; header_line_height=&#8221;1.1em&#8221; header_2_font_size=&#8221;58px&#8221; custom_margin=&#8221;16px||-11px|77px||&#8221; global_colors_info=&#8221;{}&#8221;]<h2 style=\"text-align: left;\"><span><span style=\"color: #ee5641;\"><strong><strong style=\"color: #ee5641\">The bulgarian minority <\/strong> was<\/strong><\/span> recognized for th<\/span><span>e<\/span><\/h2>\n<p style=\"text-align: left;\"><\/p>[\/et_pb_text][et_pb_text _builder_version=&#8221;4.24.0&#8243; _module_preset=&#8221;default&#8221; text_font=&#8221;|300|||||||&#8221; text_text_color=&#8221;#424242&#8243; text_font_size=&#8221;19px&#8221; custom_margin=&#8221;25px|1px||76px|false|false&#8221; custom_padding=&#8221;0px|0px|71px||false|false&#8221; locked=&#8221;off&#8221; global_colors_info=&#8221;{}&#8221;]<p style=\"text-align: justify;\"><span>first time by the Republic of Albania in October 2017, unlike other more compact communities, the Bulgarian community is mainly located in three different regions: Golloborda, Gora, and Prespa, where the population is dispersed across small villages.\u00a0<\/span><\/p>[\/et_pb_text][et_pb_accordion open_toggle_background_color=&#8221;#FFFFFF&#8221; closed_toggle_text_color=&#8221;#FFFFFF&#8221; closed_toggle_background_color=&#8221;#ee5641&#8243; icon_color=&#8221;#FFFFFF&#8221; use_icon_font_size=&#8221;on&#8221; icon_font_size=&#8221;24px&#8221; _builder_version=&#8221;4.24.0&#8243; _module_preset=&#8221;default&#8221; toggle_level=&#8221;h3&#8243; toggle_font=&#8221;|600|||||||&#8221; body_font=&#8221;|300|||||||&#8221; body_text_color=&#8221;#242424&#8243; body_font_size=&#8221;16px&#8221; custom_margin=&#8221;45px|||78px|false|false&#8221; border_width_all=&#8221;0px&#8221; global_colors_info=&#8221;{}&#8221;][et_pb_accordion_item title=&#8221;Feja&#8221; open=&#8221;off&#8221; _builder_version=&#8221;4.24.0&#8243; _module_preset=&#8221;default&#8221; global_colors_info=&#8221;{}&#8221;]<p style=\"text-align: justify;\"><span>The Bulgarian community varies in terms of religion. In Prespa, Orthodox Christians predominate; in Golloborda, the community is mixed, while in Gora, Muslims form the majority. These factors contribute to the specific status of the Bulgarian community in Albania as a vulnerable group and reinforce its need for national recognition.<\/span><\/p>[\/et_pb_accordion_item][et_pb_accordion_item title=&#8221;Bashk\u00ebjetesa&#8221; _builder_version=&#8221;4.24.0&#8243; _module_preset=&#8221;default&#8221; global_colors_info=&#8221;{}&#8221; open=&#8221;on&#8221;]<p style=\"text-align: justify;\"><span>They stand out as a peaceful and hardworking minority, and the coexistence of this community in the Republic of Albania has been and continues to be in complete harmony.<\/span><\/p>[\/et_pb_accordion_item][\/et_pb_accordion][\/et_pb_column][\/et_pb_row][\/et_pb_section][et_pb_section fb_built=&#8221;1&#8243; disabled_on=&#8221;off|on|on&#8221; _builder_version=&#8221;4.24.0&#8243; _module_preset=&#8221;default&#8221; background_image=&#8221;https:\/\/pakicatkombetare.al\/wp-content\/uploads\/2025\/06\/pakica-bullgare-01-scaled.jpg&#8221; custom_margin=&#8221;0px||||false|false&#8221; custom_padding=&#8221;26px||39px||false|false&#8221; locked=&#8221;off&#8221; global_colors_info=&#8221;{}&#8221;][et_pb_row make_equal=&#8221;on&#8221; _builder_version=&#8221;4.27.4&#8243; _module_preset=&#8221;default&#8221; width=&#8221;100%&#8221; max_width=&#8221;1389px&#8221; custom_margin=&#8221;-2px|auto||auto|false|false&#8221; global_colors_info=&#8221;{}&#8221;][et_pb_column type=&#8221;4_4&#8243; _builder_version=&#8221;4.27.4&#8243; _module_preset=&#8221;default&#8221; global_colors_info=&#8221;{}&#8221;][et_pb_text _builder_version=&#8221;4.24.0&#8243; _module_preset=&#8221;default&#8221; text_line_height=&#8221;0.7em&#8221; header_font_size=&#8221;39px&#8221; header_line_height=&#8221;0.8em&#8221; custom_margin=&#8221;|||33px|false|false&#8221; locked=&#8221;off&#8221; global_colors_info=&#8221;{}&#8221;]<h1 class=\"dsm-dual-heading-main et_pb_module_header\"><span style=\"color: #ffffff;\">Minorities <\/span><\/h1>\n<h1 class=\"dsm-dual-heading-main et_pb_module_header\"><span style=\"color: #ffffff;\">Natio<span>e<\/span>tare <\/span><\/h1>\n<h1 class=\"dsm-dual-heading-main et_pb_module_header\"><strong><span style=\"color: #ffffff;\">Bulgarian<\/span><\/strong><\/h1>[\/et_pb_text][\/et_pb_column][\/et_pb_row][\/et_pb_section][et_pb_section fb_built=&#8221;1&#8243; disabled_on=&#8221;off|on|on&#8221; _builder_version=&#8221;4.24.0&#8243; _module_preset=&#8221;default&#8221; background_color=&#8221;#f9f4f4&#8243; custom_margin=&#8221;-26px|||||&#8221; border_radii=&#8221;off|24px|24px||&#8221; locked=&#8221;off&#8221; global_colors_info=&#8221;{}&#8221;][et_pb_row column_structure=&#8221;1_2,1_2&#8243; make_equal=&#8221;on&#8221; _builder_version=&#8221;4.24.0&#8243; _module_preset=&#8221;default&#8221; width=&#8221;100%&#8221; max_width=&#8221;1312px&#8221; custom_padding=&#8221;21px|||||&#8221; locked=&#8221;off&#8221; global_colors_info=&#8221;{}&#8221;][et_pb_column type=&#8221;1_2&#8243; _builder_version=&#8221;4.27.4&#8243; _module_preset=&#8221;default&#8221; global_colors_info=&#8221;{}&#8221;][et_pb_text _builder_version=&#8221;4.24.0&#8243; _module_preset=&#8221;default&#8221; header_font=&#8221;||||||||&#8221; header_font_size=&#8221;32px&#8221; header_line_height=&#8221;1.1em&#8221; header_2_font_size=&#8221;29px&#8221; custom_margin=&#8221;-3px|53px|-11px|39px|false|false&#8221; locked=&#8221;off&#8221; global_colors_info=&#8221;{}&#8221;]<h2 style=\"text-align: left;\"><span><span style=\"color: #ee5641;\"><strong><strong style=\"color: #ee5641\">The bulgarian minority <\/strong> was<\/strong><\/span> recognized for th<\/span><span>e<\/span><\/h2>\n<p style=\"text-align: left;\">[\/et_pb_text][et_pb_text _builder_version=&#8221;4.24.0&#8243; _module_preset=&#8221;default&#8221; text_font=&#8221;|300|||||||&#8221; text_text_color=&#8221;#424242&#8243; text_font_size=&#8221;19px&#8221; custom_margin=&#8221;23px|1px||39px|false|false&#8221; custom_padding=&#8221;0px|42px|71px||false|false&#8221; locked=&#8221;off&#8221; global_colors_info=&#8221;{}&#8221;]<p style=\"text-align: justify;\"><span>first time by the Republic of Albania in October 2017, unlike other more compact communities, the Bulgarian community is mainly located in three different regions: Golloborda, Gora, and Prespa, where the population is dispersed across small villages.\u00a0<\/span><\/p>[\/et_pb_text][et_pb_accordion open_toggle_background_color=&#8221;#FFFFFF&#8221; closed_toggle_text_color=&#8221;#FFFFFF&#8221; closed_toggle_background_color=&#8221;#ee5641&#8243; icon_color=&#8221;#FFFFFF&#8221; use_icon_font_size=&#8221;on&#8221; icon_font_size=&#8221;24px&#8221; _builder_version=&#8221;4.24.0&#8243; _module_preset=&#8221;default&#8221; toggle_level=&#8221;h3&#8243; toggle_font=&#8221;|600|||||||&#8221; body_font=&#8221;|300|||||||&#8221; body_text_color=&#8221;#242424&#8243; body_font_size=&#8221;16px&#8221; custom_margin=&#8221;-7px|37px||37px|false|false&#8221; border_width_all=&#8221;0px&#8221; locked=&#8221;off&#8221; global_colors_info=&#8221;{}&#8221;][et_pb_accordion_item title=&#8221;Feja&#8221; open=&#8221;off&#8221; _builder_version=&#8221;4.24.0&#8243; _module_preset=&#8221;default&#8221; global_colors_info=&#8221;{}&#8221;]<p style=\"text-align: justify;\"><span>The Bulgarian community varies in terms of religion. In Prespa, Orthodox Christians predominate; in Golloborda, the community is mixed, while in Gora, Muslims form the majority. These factors contribute to the specific status of the Bulgarian community in Albania as a vulnerable group and reinforce its need for national recognition.<\/span><\/p>[\/et_pb_accordion_item][et_pb_accordion_item title=&#8221;Bashk\u00ebjetesa&#8221; _builder_version=&#8221;4.24.0&#8243; _module_preset=&#8221;default&#8221; global_colors_info=&#8221;{}&#8221; open=&#8221;on&#8221;]<p style=\"text-align: justify;\"><span>They stand out as a peaceful and hardworking minority, and the coexistence of this community in the Republic of Albania has been and continues to be in complete harmony.<\/span><\/p>[\/et_pb_accordion_item][\/et_pb_accordion][et_pb_image src=&#8221;https:\/\/pakicatkombetare.al\/wp-content\/uploads\/2025\/06\/482250278_655183827162433_1531826834348588421_n.jpg&#8221; _builder_version=&#8221;4.24.0&#8243; _module_preset=&#8221;default&#8221; z_index=&#8221;10&#8243; max_width=&#8221;64%&#8221; custom_margin=&#8221;96px|||34px|false|false&#8221; animation_style=&#8221;fade&#8221; animation_duration=&#8221;750ms&#8221; animation_delay=&#8221;250ms&#8221; scroll_fade=&#8221;0|25|25|59|0|100|100&#8243; border_width_all=&#8221;7px&#8221; border_color_all=&#8221;#FFFFFF&#8221; global_colors_info=&#8221;{}&#8221;][\/et_pb_image][et_pb_image src=&#8221;https:\/\/pakicatkombetare.al\/wp-content\/uploads\/2025\/06\/484093126_657733880240761_7434943553085886908_n.jpg&#8221; _builder_version=&#8221;4.24.0&#8243; _module_preset=&#8221;default&#8221; max_width=&#8221;59%&#8221; custom_margin=&#8221;-84px|30px||186px|false|false&#8221; animation_style=&#8221;fade&#8221; animation_duration=&#8221;750ms&#8221; animation_delay=&#8221;500ms&#8221; scroll_fade=&#8221;0|27|27|61|0|100|100&#8243; border_width_all=&#8221;7px&#8221; border_color_all=&#8221;#FFFFFF&#8221; global_colors_info=&#8221;{}&#8221;][\/et_pb_image][et_pb_image src=&#8221;https:\/\/pakicatkombetare.al\/wp-content\/uploads\/2025\/06\/483527162_655183843829098_1866173791950877857_n.jpg&#8221; _builder_version=&#8221;4.24.0&#8243; _module_preset=&#8221;default&#8221; max_width=&#8221;69%&#8221; custom_margin=&#8221;-82px|||61px|false|false&#8221; animation_style=&#8221;fade&#8221; animation_duration=&#8221;750ms&#8221; animation_delay=&#8221;250ms&#8221; scroll_fade=&#8221;0|22|22|61|0|100|100&#8243; border_width_all=&#8221;7px&#8221; border_color_all=&#8221;#FFFFFF&#8221; global_colors_info=&#8221;{}&#8221;][\/et_pb_image][et_pb_image src=&#8221;https:\/\/pakicatkombetare.al\/wp-content\/uploads\/2025\/06\/484108218_657733133574169_5150895387177901089_n.jpg&#8221; _builder_version=&#8221;4.24.0&#8243; _module_preset=&#8221;default&#8221; max_width=&#8221;50%&#8221; custom_margin=&#8221;-53px|-174px||161px|false|false&#8221; animation_style=&#8221;fade&#8221; animation_duration=&#8221;750ms&#8221; animation_delay=&#8221;250ms&#8221; scroll_fade=&#8221;0|21|21|56|0|100|100&#8243; border_width_all=&#8221;7px&#8221; border_color_all=&#8221;#FFFFFF&#8221; global_colors_info=&#8221;{}&#8221;][\/et_pb_image][et_pb_image src=&#8221;https:\/\/pakicatkombetare.al\/wp-content\/uploads\/2025\/06\/480674425_641393821874767_6239806784001521265_n.jpg&#8221; _builder_version=&#8221;4.24.0&#8243; _module_preset=&#8221;default&#8221; max_width=&#8221;75%&#8221; custom_margin=&#8221;-43px|||31px|false|false&#8221; border_width_all=&#8221;7px&#8221; border_color_all=&#8221;#FFFFFF&#8221; global_colors_info=&#8221;{}&#8221;][\/et_pb_image][\/et_pb_column][et_pb_column type=&#8221;1_2&#8243; _builder_version=&#8221;4.27.4&#8243; _module_preset=&#8221;default&#8221; global_colors_info=&#8221;{}&#8221;][\/et_pb_column][\/et_pb_row][\/et_pb_section]","protected":false},"excerpt":{"rendered":"<p>Pakica Komb\u00ebtare BullgarePakica komb\u00ebtare bullgare \u00ebsht\u00eb njohur p\u00ebr her\u00eb t\u00eb par\u00eb nga Republika e Shqiperis\u00eb n\u00eb tetor t\u00eb vitit 2017. Ndryshe nga komunitetet e tjera q\u00eb jan\u00eb kompakte, komuniteti bullgar \u00ebsht\u00eb kryesisht n\u00eb tre rajone t\u00eb ndryshme. K\u00ebto jan\u00eb Golloborda, Gora dhe Prespa, ku popullsia \u00ebsht\u00eb e shp\u00ebrndar\u00eb n\u00eb fshatra t\u00eb vegj\u00ebl.\u00a0Komuniteti bullgar ndryshon n\u00eb [&hellip;]<\/p>","protected":false},"author":1,"featured_media":0,"parent":0,"menu_order":0,"comment_status":"closed","ping_status":"closed","template":"","meta":{"_et_pb_use_builder":"on","_et_pb_old_content":"","_et_gb_content_width":"","footnotes":""},"dipi_cpt_category":[],"class_list":["post-228","page","type-page","status-publish","hentry"],"yoast_head":"<!-- This site is optimized with the Yoast SEO plugin v25.5 - https:\/\/yoast.com\/wordpress\/plugins\/seo\/ -->\n<title>Pakica Komb\u00ebtare Bullgare - Pakicat Komb\u00ebtare n\u00eb Shqip\u00ebri<\/title>\n<meta name=\"description\" content=\"Pakica Komb\u00ebtare Bullgare \u00ebsht\u00eb njohur p\u00ebr her\u00eb t\u00ebpar\u00eb nga Republika e Shqiperis\u00eb n\u00eb tetor t\u00eb vitit 2017 dhe jeton n\u00eb harmoni.\" \/>\n<meta name=\"robots\" content=\"index, follow, max-snippet:-1, max-image-preview:large, max-video-preview:-1\" \/>\n<link rel=\"canonical\" href=\"https:\/\/pakicatkombetare.al\/en\/pakicat-kombetare-bullgare\/\" \/>\n<meta property=\"og:locale\" content=\"en_US\" \/>\n<meta property=\"og:type\" content=\"article\" \/>\n<meta property=\"og:title\" content=\"Pakica Komb\u00ebtare Bullgare - Pakicat Komb\u00ebtare n\u00eb Shqip\u00ebri\" \/>\n<meta property=\"og:description\" content=\"Pakica Komb\u00ebtare Bullgare \u00ebsht\u00eb njohur p\u00ebr her\u00eb t\u00ebpar\u00eb nga Republika e Shqiperis\u00eb n\u00eb tetor t\u00eb vitit 2017 dhe jeton n\u00eb harmoni.\" \/>\n<meta property=\"og:url\" content=\"https:\/\/pakicatkombetare.al\/en\/pakicat-kombetare-bullgare\/\" \/>\n<meta property=\"og:site_name\" content=\"Pakicat Komb\u00ebtare n\u00eb Shqip\u00ebri\" \/>\n<meta property=\"article:modified_time\" content=\"2025-07-30T09:48:37+00:00\" \/>\n<meta name=\"twitter:card\" content=\"summary_large_image\" \/>\n<meta name=\"twitter:label1\" content=\"Est. reading time\" \/>\n\t<meta name=\"twitter:data1\" content=\"3 minutes\" \/>\n<script type=\"application\/ld+json\" class=\"yoast-schema-graph\">{\"@context\":\"https:\/\/schema.org\",\"@graph\":[{\"@type\":\"WebPage\",\"@id\":\"https:\/\/pakicatkombetare.al\/pakicat-kombetare-bullgare\/\",\"url\":\"https:\/\/pakicatkombetare.al\/pakicat-kombetare-bullgare\/\",\"name\":\"Pakica Komb\u00ebtare Bullgare - Pakicat Komb\u00ebtare n\u00eb Shqip\u00ebri\",\"isPartOf\":{\"@id\":\"https:\/\/pakicatkombetare.al\/#website\"},\"datePublished\":\"2025-06-25T13:15:54+00:00\",\"dateModified\":\"2025-07-30T09:48:37+00:00\",\"description\":\"Pakica Komb\u00ebtare Bullgare \u00ebsht\u00eb njohur p\u00ebr her\u00eb t\u00ebpar\u00eb nga Republika e Shqiperis\u00eb n\u00eb tetor t\u00eb vitit 2017 dhe jeton n\u00eb harmoni.\",\"breadcrumb\":{\"@id\":\"https:\/\/pakicatkombetare.al\/pakicat-kombetare-bullgare\/#breadcrumb\"},\"inLanguage\":\"en-US\",\"potentialAction\":[{\"@type\":\"ReadAction\",\"target\":[\"https:\/\/pakicatkombetare.al\/pakicat-kombetare-bullgare\/\"]}]},{\"@type\":\"BreadcrumbList\",\"@id\":\"https:\/\/pakicatkombetare.al\/pakicat-kombetare-bullgare\/#breadcrumb\",\"itemListElement\":[{\"@type\":\"ListItem\",\"position\":1,\"name\":\"Home\",\"item\":\"https:\/\/pakicatkombetare.al\/\"},{\"@type\":\"ListItem\",\"position\":2,\"name\":\"Pakicat Komb\u00ebtare Bullgare\"}]},{\"@type\":\"WebSite\",\"@id\":\"https:\/\/pakicatkombetare.al\/#website\",\"url\":\"https:\/\/pakicatkombetare.al\/\",\"name\":\"Pakicat Komb\u00ebtare n\u00eb Shqip\u00ebri\",\"description\":\"\",\"potentialAction\":[{\"@type\":\"SearchAction\",\"target\":{\"@type\":\"EntryPoint\",\"urlTemplate\":\"https:\/\/pakicatkombetare.al\/?s={search_term_string}\"},\"query-input\":{\"@type\":\"PropertyValueSpecification\",\"valueRequired\":true,\"valueName\":\"search_term_string\"}}],\"inLanguage\":\"en-US\"}]}<\/script>\n<!-- \/ Yoast SEO plugin. -->","yoast_head_json":{"title":"Pakica Komb\u00ebtare Bullgare - Pakicat Komb\u00ebtare n\u00eb Shqip\u00ebri","description":"Pakica Komb\u00ebtare Bullgare \u00ebsht\u00eb njohur p\u00ebr her\u00eb t\u00ebpar\u00eb nga Republika e Shqiperis\u00eb n\u00eb tetor t\u00eb vitit 2017 dhe jeton n\u00eb harmoni.","robots":{"index":"index","follow":"follow","max-snippet":"max-snippet:-1","max-image-preview":"max-image-preview:large","max-video-preview":"max-video-preview:-1"},"canonical":"https:\/\/pakicatkombetare.al\/en\/pakicat-kombetare-bullgare\/","og_locale":"en_US","og_type":"article","og_title":"Pakica Komb\u00ebtare Bullgare - Pakicat Komb\u00ebtare n\u00eb Shqip\u00ebri","og_description":"Pakica Komb\u00ebtare Bullgare \u00ebsht\u00eb njohur p\u00ebr her\u00eb t\u00ebpar\u00eb nga Republika e Shqiperis\u00eb n\u00eb tetor t\u00eb vitit 2017 dhe jeton n\u00eb harmoni.","og_url":"https:\/\/pakicatkombetare.al\/en\/pakicat-kombetare-bullgare\/","og_site_name":"Pakicat Komb\u00ebtare n\u00eb Shqip\u00ebri","article_modified_time":"2025-07-30T09:48:37+00:00","twitter_card":"summary_large_image","twitter_misc":{"Est. reading time":"3 minutes"},"schema":{"@context":"https:\/\/schema.org","@graph":[{"@type":"WebPage","@id":"https:\/\/pakicatkombetare.al\/pakicat-kombetare-bullgare\/","url":"https:\/\/pakicatkombetare.al\/pakicat-kombetare-bullgare\/","name":"Pakica Komb\u00ebtare Bullgare - Pakicat Komb\u00ebtare n\u00eb Shqip\u00ebri","isPartOf":{"@id":"https:\/\/pakicatkombetare.al\/#website"},"datePublished":"2025-06-25T13:15:54+00:00","dateModified":"2025-07-30T09:48:37+00:00","description":"Pakica Komb\u00ebtare Bullgare \u00ebsht\u00eb njohur p\u00ebr her\u00eb t\u00ebpar\u00eb nga Republika e Shqiperis\u00eb n\u00eb tetor t\u00eb vitit 2017 dhe jeton n\u00eb harmoni.","breadcrumb":{"@id":"https:\/\/pakicatkombetare.al\/pakicat-kombetare-bullgare\/#breadcrumb"},"inLanguage":"en-US","potentialAction":[{"@type":"ReadAction","target":["https:\/\/pakicatkombetare.al\/pakicat-kombetare-bullgare\/"]}]},{"@type":"BreadcrumbList","@id":"https:\/\/pakicatkombetare.al\/pakicat-kombetare-bullgare\/#breadcrumb","itemListElement":[{"@type":"ListItem","position":1,"name":"Home","item":"https:\/\/pakicatkombetare.al\/"},{"@type":"ListItem","position":2,"name":"Pakicat Komb\u00ebtare Bullgare"}]},{"@type":"WebSite","@id":"https:\/\/pakicatkombetare.al\/#website","url":"https:\/\/pakicatkombetare.al\/","name":"Pakicat Komb\u00ebtare n\u00eb Shqip\u00ebri","description":"","potentialAction":[{"@type":"SearchAction","target":{"@type":"EntryPoint","urlTemplate":"https:\/\/pakicatkombetare.al\/?s={search_term_string}"},"query-input":{"@type":"PropertyValueSpecification","valueRequired":true,"valueName":"search_term_string"}}],"inLanguage":"en-US"}]}},"rttpg_featured_image_url":null,"rttpg_author":{"display_name":"admin","author_link":"https:\/\/pakicatkombetare.al\/en\/author\/admin\/"},"rttpg_comment":0,"rttpg_category":false,"rttpg_excerpt":"Pakica Komb\u00ebtare BullgarePakica komb\u00ebtare bullgare \u00ebsht\u00eb njohur p\u00ebr her\u00eb t\u00eb par\u00eb nga Republika e Shqiperis\u00eb n\u00eb tetor t\u00eb vitit 2017. Ndryshe nga komunitetet e tjera q\u00eb jan\u00eb kompakte, komuniteti bullgar \u00ebsht\u00eb kryesisht n\u00eb tre rajone t\u00eb ndryshme. K\u00ebto jan\u00eb Golloborda, Gora dhe Prespa, ku popullsia \u00ebsht\u00eb e shp\u00ebrndar\u00eb n\u00eb fshatra t\u00eb vegj\u00ebl.\u00a0Komuniteti bullgar ndryshon n\u00eb&hellip;","_links":{"self":[{"href":"https:\/\/pakicatkombetare.al\/en\/wp-json\/wp\/v2\/pages\/228","targetHints":{"allow":["GET"]}}],"collection":[{"href":"https:\/\/pakicatkombetare.al\/en\/wp-json\/wp\/v2\/pages"}],"about":[{"href":"https:\/\/pakicatkombetare.al\/en\/wp-json\/wp\/v2\/types\/page"}],"author":[{"embeddable":true,"href":"https:\/\/pakicatkombetare.al\/en\/wp-json\/wp\/v2\/users\/1"}],"replies":[{"embeddable":true,"href":"https:\/\/pakicatkombetare.al\/en\/wp-json\/wp\/v2\/comments?post=228"}],"version-history":[{"count":0,"href":"https:\/\/pakicatkombetare.al\/en\/wp-json\/wp\/v2\/pages\/228\/revisions"}],"wp:attachment":[{"href":"https:\/\/pakicatkombetare.al\/en\/wp-json\/wp\/v2\/media?parent=228"}],"wp:term":[{"taxonomy":"dipi_cpt_category","embeddable":true,"href":"https:\/\/pakicatkombetare.al\/en\/wp-json\/wp\/v2\/dipi_cpt_category?post=228"}],"curies":[{"name":"wp","href":"https:\/\/api.w.org\/{rel}","templated":true}]}}