{"id":210,"date":"2025-06-25T12:57:38","date_gmt":"2025-06-25T12:57:38","guid":{"rendered":"https:\/\/pakicatkombetare.al\/?page_id=210"},"modified":"2025-07-30T09:49:13","modified_gmt":"2025-07-30T09:49:13","slug":"pakicat-kombetare-arumune","status":"publish","type":"page","link":"https:\/\/pakicatkombetare.al\/en\/pakicat-kombetare-arumune\/","title":{"rendered":"Aromanian National Minority"},"content":{"rendered":"[et_pb_section fb_built=&#8221;1&#8243; disabled_on=&#8221;on|off|off&#8221; _builder_version=&#8221;4.24.0&#8243; _module_preset=&#8221;default&#8221; background_image=&#8221;https:\/\/pakicatkombetare.al\/wp-content\/uploads\/2025\/06\/pakica-arumune-banner-01-scaled.jpg&#8221; custom_margin=&#8221;0px||||false|false&#8221; custom_padding=&#8221;19px||223px||false|false&#8221; locked=&#8221;off&#8221; global_colors_info=&#8221;{}&#8221;][et_pb_row make_equal=&#8221;on&#8221; _builder_version=&#8221;4.27.4&#8243; _module_preset=&#8221;default&#8221; width=&#8221;100%&#8221; max_width=&#8221;1389px&#8221; custom_margin=&#8221;150px|auto||208px|false|false&#8221; global_colors_info=&#8221;{}&#8221;][et_pb_column type=&#8221;4_4&#8243; _builder_version=&#8221;4.27.4&#8243; _module_preset=&#8221;default&#8221; global_colors_info=&#8221;{}&#8221;][et_pb_text _builder_version=&#8221;4.24.0&#8243; _module_preset=&#8221;default&#8221; header_font_size=&#8221;62px&#8221; custom_margin=&#8221;|||33px|false|false&#8221; locked=&#8221;off&#8221; global_colors_info=&#8221;{}&#8221;]<h1 class=\"dsm-dual-heading-main et_pb_module_header translation-block\"><span style=\"color: #ffffff\"><strong>Aromanian<\/strong> National Minority<\/span><\/h1>[\/et_pb_text][\/et_pb_column][\/et_pb_row][\/et_pb_section][et_pb_section fb_built=&#8221;1&#8243; disabled_on=&#8221;on|off|off&#8221; _builder_version=&#8221;4.24.0&#8243; _module_preset=&#8221;default&#8221; background_color=&#8221;#f9f4f4&#8243; custom_margin=&#8221;-98px|||||&#8221; custom_padding=&#8221;121px||176px|||&#8221; border_radii=&#8221;off|70px|44px||&#8221; locked=&#8221;off&#8221; global_colors_info=&#8221;{}&#8221;][et_pb_row column_structure=&#8221;1_2,1_2&#8243; make_equal=&#8221;on&#8221; _builder_version=&#8221;4.27.4&#8243; _module_preset=&#8221;default&#8221; width=&#8221;100%&#8221; max_width=&#8221;1312px&#8221; global_colors_info=&#8221;{}&#8221;][et_pb_column type=&#8221;1_2&#8243; _builder_version=&#8221;4.27.4&#8243; _module_preset=&#8221;default&#8221; global_colors_info=&#8221;{}&#8221;][et_pb_image src=&#8221;https:\/\/pakicatkombetare.al\/wp-content\/uploads\/2025\/06\/489022465_1072069381633433_6288248801803739854_n.jpg&#8221; title_text=&#8221;489022465_1072069381633433_6288248801803739854_n&#8221; _builder_version=&#8221;4.24.0&#8243; _module_preset=&#8221;default&#8221; z_index=&#8221;10&#8243; max_width=&#8221;94%&#8221; animation_style=&#8221;fade&#8221; animation_duration=&#8221;750ms&#8221; animation_delay=&#8221;250ms&#8221; scroll_fade=&#8221;0|25|25|59|0|100|100&#8243; border_width_all=&#8221;7px&#8221; border_color_all=&#8221;#FFFFFF&#8221; global_colors_info=&#8221;{}&#8221;][\/et_pb_image][et_pb_image src=&#8221;https:\/\/pakicatkombetare.al\/wp-content\/uploads\/2025\/06\/472734184_590306856976939_6269102367651986914_n.jpg&#8221; _builder_version=&#8221;4.24.0&#8243; _module_preset=&#8221;default&#8221; max_width=&#8221;100%&#8221; custom_margin=&#8221;-78px|-18px||254px|false|false&#8221; animation_style=&#8221;fade&#8221; animation_duration=&#8221;750ms&#8221; animation_delay=&#8221;500ms&#8221; scroll_fade=&#8221;0|27|27|61|0|100|100&#8243; border_width_all=&#8221;7px&#8221; border_color_all=&#8221;#FFFFFF&#8221; global_colors_info=&#8221;{}&#8221;][\/et_pb_image][et_pb_image src=&#8221;https:\/\/pakicatkombetare.al\/wp-content\/uploads\/2025\/06\/472761187_590306730310285_6841735979459002554_n.jpg&#8221; _builder_version=&#8221;4.24.0&#8243; _module_preset=&#8221;default&#8221; max_width=&#8221;81%&#8221; custom_margin=&#8221;-62px|||15px|false|false&#8221; animation_style=&#8221;fade&#8221; animation_duration=&#8221;750ms&#8221; animation_delay=&#8221;250ms&#8221; scroll_fade=&#8221;0|22|22|61|0|100|100&#8243; border_width_all=&#8221;7px&#8221; border_color_all=&#8221;#FFFFFF&#8221; global_colors_info=&#8221;{}&#8221;][\/et_pb_image][et_pb_image src=&#8221;https:\/\/pakicatkombetare.al\/wp-content\/uploads\/2025\/06\/469378047_567830455891246_145145533925445350_n.jpg&#8221; _builder_version=&#8221;4.24.0&#8243; _module_preset=&#8221;default&#8221; max_width=&#8221;50%&#8221; custom_margin=&#8221;-82px|-283px||265px|false|false&#8221; animation_style=&#8221;fade&#8221; animation_duration=&#8221;750ms&#8221; animation_delay=&#8221;250ms&#8221; scroll_fade=&#8221;0|21|21|56|0|100|100&#8243; border_width_all=&#8221;7px&#8221; border_color_all=&#8221;#FFFFFF&#8221; global_colors_info=&#8221;{}&#8221;][\/et_pb_image][\/et_pb_column][et_pb_column type=&#8221;1_2&#8243; _builder_version=&#8221;4.27.4&#8243; _module_preset=&#8221;default&#8221; global_colors_info=&#8221;{}&#8221;][et_pb_text _builder_version=&#8221;4.24.0&#8243; _module_preset=&#8221;default&#8221; header_font=&#8221;||||||||&#8221; header_font_size=&#8221;57px&#8221; header_line_height=&#8221;1.1em&#8221; custom_margin=&#8221;16px||-11px|77px||&#8221; global_colors_info=&#8221;{}&#8221;]<h1 style=\"text-align: left;\" class=\"translation-block\"><strong style=\"color: #ee5641\">The aromanian minority <\/strong>is an important part of<\/h1>\n<p style=\"text-align: left;\"><\/p>[\/et_pb_text][et_pb_text _builder_version=&#8221;4.24.0&#8243; _module_preset=&#8221;default&#8221; text_font=&#8221;|300|||||||&#8221; text_text_color=&#8221;#424242&#8243; text_font_size=&#8221;19px&#8221; custom_margin=&#8221;25px|1px||76px|false|false&#8221; custom_padding=&#8221;0px|0px|71px||false|false&#8221; locked=&#8221;off&#8221; global_colors_info=&#8221;{}&#8221;]<p style=\"text-align: justify;\"><span>to the Albanian people and state. They have made positive contributions to the history of the last centuries in our country, especially during the National Renaissance and the Independence of Albania. The Aromanian national minority belongs to the Orthodox faith. A large part of the Aromanians have been fully assimilated, mostly becoming Albanian-speaking Orthodox believers. The traditional family, folk, and community flag of the Aromanians is among the oldest in the Balkans and Europe.<\/span><\/p>[\/et_pb_text][et_pb_accordion open_toggle_background_color=&#8221;#FFFFFF&#8221; closed_toggle_text_color=&#8221;#FFFFFF&#8221; closed_toggle_background_color=&#8221;#ee5641&#8243; icon_color=&#8221;#FFFFFF&#8221; use_icon_font_size=&#8221;on&#8221; icon_font_size=&#8221;24px&#8221; _builder_version=&#8221;4.24.0&#8243; _module_preset=&#8221;default&#8221; toggle_level=&#8221;h3&#8243; toggle_font=&#8221;|600|||||||&#8221; body_font=&#8221;|300|||||||&#8221; body_text_color=&#8221;#242424&#8243; body_font_size=&#8221;16px&#8221; custom_margin=&#8221;45px|||78px|false|false&#8221; border_width_all=&#8221;0px&#8221; global_colors_info=&#8221;{}&#8221;][et_pb_accordion_item title=&#8221;Simboli&#8221; open=&#8221;off&#8221; _builder_version=&#8221;4.24.0&#8243; _module_preset=&#8221;default&#8221; global_colors_info=&#8221;{}&#8221;]<p style=\"text-align: justify;\"><span>The sun with eight rays and borders on three sides with red, yellow, and blue cords is a clear symbol of this people\u2019s dedication to the sun as a source of life and warmth. This flag predates the flag with the Vergina star, which was only discovered at the end of the 1970s. Other flags of the Aromanians are those that have been used in their celebrations from pagan times up to the present day \u2014 white, yellow, red, and blue.<\/span><\/p>[\/et_pb_accordion_item][et_pb_accordion_item title=&#8221;Flamuri me Diell&#8221; _builder_version=&#8221;4.24.0&#8243; _module_preset=&#8221;default&#8221; global_colors_info=&#8221;{}&#8221; open=&#8221;off&#8221;]<p style=\"text-align: justify;\"><span>This symbol was the main one, brought out with ceremonies of song and music during the major Vlach celebrations, such as the Aromanian family wedding. The flag was adorned with flowers and three apples placed on the cross formed at the top of the flag. Apples are the fruit of love and eroticism, a symbolism originating from the interpretation of the creation of the world by Adam and Eve. The apple, the fruit of love, is a symbol also touched upon by the great Socrates. When Socrates went to take his wife as a bride, he carried a large red apple in his hand.<\/span><\/p>[\/et_pb_accordion_item][et_pb_accordion_item title=&#8221;Kontributet&#8221; _builder_version=&#8221;4.24.0&#8243; _module_preset=&#8221;default&#8221; global_colors_info=&#8221;{}&#8221; open=&#8221;on&#8221;]<p style=\"text-align: justify;\"><span>The Aromanian minority has always made a distinguished contribution to Albanian society, and from this minority have emerged prominent figures in the fields of education, culture, science, sports, and more.<\/span><\/p>[\/et_pb_accordion_item][\/et_pb_accordion][\/et_pb_column][\/et_pb_row][\/et_pb_section][et_pb_section fb_built=&#8221;1&#8243; disabled_on=&#8221;off|on|on&#8221; _builder_version=&#8221;4.24.0&#8243; _module_preset=&#8221;default&#8221; background_image=&#8221;https:\/\/pakicatkombetare.al\/wp-content\/uploads\/2025\/06\/pakica-arumune-banner-01-scaled.jpg&#8221; custom_margin=&#8221;0px||||false|false&#8221; custom_padding=&#8221;26px||39px||false|false&#8221; locked=&#8221;off&#8221; global_colors_info=&#8221;{}&#8221;][et_pb_row make_equal=&#8221;on&#8221; _builder_version=&#8221;4.27.4&#8243; _module_preset=&#8221;default&#8221; width=&#8221;100%&#8221; max_width=&#8221;1389px&#8221; custom_margin=&#8221;-2px|auto||auto|false|false&#8221; global_colors_info=&#8221;{}&#8221;][et_pb_column type=&#8221;4_4&#8243; _builder_version=&#8221;4.27.4&#8243; _module_preset=&#8221;default&#8221; global_colors_info=&#8221;{}&#8221;][et_pb_text _builder_version=&#8221;4.24.0&#8243; _module_preset=&#8221;default&#8221; text_line_height=&#8221;0.7em&#8221; header_font_size=&#8221;39px&#8221; header_line_height=&#8221;0.8em&#8221; custom_margin=&#8221;|||33px|false|false&#8221; locked=&#8221;off&#8221; global_colors_info=&#8221;{}&#8221;]<h1 class=\"dsm-dual-heading-main et_pb_module_header\"><span style=\"color: #ffffff;\">Minorities <\/span><\/h1>\n<h1 class=\"dsm-dual-heading-main et_pb_module_header\"><span style=\"color: #ffffff;\">Natio<span>e<\/span>tare <\/span><\/h1>\n<h1 class=\"dsm-dual-heading-main et_pb_module_header\"><strong><span style=\"color: #ffffff;\">Aromanian<\/span><\/strong><\/h1>[\/et_pb_text][\/et_pb_column][\/et_pb_row][\/et_pb_section][et_pb_section fb_built=&#8221;1&#8243; disabled_on=&#8221;off|on|on&#8221; _builder_version=&#8221;4.24.0&#8243; _module_preset=&#8221;default&#8221; background_color=&#8221;#f9f4f4&#8243; custom_margin=&#8221;-26px|||||&#8221; border_radii=&#8221;off|24px|24px||&#8221; locked=&#8221;off&#8221; global_colors_info=&#8221;{}&#8221;][et_pb_row column_structure=&#8221;1_2,1_2&#8243; make_equal=&#8221;on&#8221; _builder_version=&#8221;4.24.0&#8243; _module_preset=&#8221;default&#8221; width=&#8221;100%&#8221; max_width=&#8221;1312px&#8221; custom_padding=&#8221;21px|||||&#8221; locked=&#8221;off&#8221; global_colors_info=&#8221;{}&#8221;][et_pb_column type=&#8221;1_2&#8243; _builder_version=&#8221;4.27.4&#8243; _module_preset=&#8221;default&#8221; global_colors_info=&#8221;{}&#8221;][et_pb_text _builder_version=&#8221;4.24.0&#8243; _module_preset=&#8221;default&#8221; header_font=&#8221;||||||||&#8221; header_font_size=&#8221;34px&#8221; header_line_height=&#8221;1.1em&#8221; custom_margin=&#8221;-3px|35px|-11px|37px|false|false&#8221; locked=&#8221;off&#8221; global_colors_info=&#8221;{}&#8221;]<h1 style=\"text-align: left;\" class=\"translation-block\"><strong style=\"color: #ee5641\">The aromanian minority <\/strong>is an important part of<\/h1>\n<p style=\"text-align: left;\">[\/et_pb_text][et_pb_text _builder_version=&#8221;4.24.0&#8243; _module_preset=&#8221;default&#8221; text_font=&#8221;|300|||||||&#8221; text_text_color=&#8221;#424242&#8243; text_font_size=&#8221;19px&#8221; custom_margin=&#8221;23px|1px||39px|false|false&#8221; custom_padding=&#8221;0px|42px|71px||false|false&#8221; locked=&#8221;off&#8221; global_colors_info=&#8221;{}&#8221;]<p style=\"text-align: justify;\"><span>to the Albanian people and state. They have made positive contributions to the history of the last centuries in our country, especially during the National Renaissance and the Independence of Albania. The Aromanian national minority belongs to the Orthodox faith. A large part of the Aromanians have been fully assimilated, mostly becoming Albanian-speaking Orthodox believers. The traditional family, folk, and community flag of the Aromanians is among the oldest in the Balkans and Europe.<\/span><\/p>[\/et_pb_text][et_pb_accordion open_toggle_background_color=&#8221;#FFFFFF&#8221; closed_toggle_text_color=&#8221;#FFFFFF&#8221; closed_toggle_background_color=&#8221;#ee5641&#8243; icon_color=&#8221;#FFFFFF&#8221; use_icon_font_size=&#8221;on&#8221; icon_font_size=&#8221;24px&#8221; _builder_version=&#8221;4.24.0&#8243; _module_preset=&#8221;default&#8221; toggle_level=&#8221;h3&#8243; toggle_font=&#8221;|600|||||||&#8221; body_font=&#8221;|300|||||||&#8221; body_text_color=&#8221;#242424&#8243; body_font_size=&#8221;16px&#8221; custom_margin=&#8221;-7px|37px||37px|false|false&#8221; border_width_all=&#8221;0px&#8221; locked=&#8221;off&#8221; global_colors_info=&#8221;{}&#8221;][et_pb_accordion_item title=&#8221;Simboli&#8221; open=&#8221;off&#8221; _builder_version=&#8221;4.24.0&#8243; _module_preset=&#8221;default&#8221; global_colors_info=&#8221;{}&#8221;]<p style=\"text-align: justify;\"><span>The sun with eight rays and borders on three sides with red, yellow, and blue cords is a clear symbol of this people\u2019s dedication to the sun as a source of life and warmth. This flag predates the flag with the Vergina star, which was only discovered at the end of the 1970s. Other flags of the Aromanians are those that have been used in their celebrations from pagan times up to the present day \u2014 white, yellow, red, and blue.<\/span><\/p>[\/et_pb_accordion_item][et_pb_accordion_item title=&#8221;Flamuri me Diell&#8221; _builder_version=&#8221;4.24.0&#8243; _module_preset=&#8221;default&#8221; global_colors_info=&#8221;{}&#8221; open=&#8221;off&#8221;]<p style=\"text-align: justify;\"><span>Ky simbol ishte\u00a0 kryesori\u00a0 q\u00eb\u00a0 nxirrej\u00a0 me\u00a0 ceremoni\u00a0 k\u00ebnge\u00a0 dhe\u00a0 muzike\u00a0 n\u00eb\u00a0 festat\u00a0 e\u00a0 m\u00ebdha\u00a0 t\u00eb\u00a0 vlleh\u00ebve\u00a0 si\u00a0 ajo\u00a0 e dasm\u00ebs\u00a0 familjare\u00a0 arumune. Flamuri\u00a0 pasurohej\u00a0 me\u00a0 lule\u00a0 dhe\u00a0 tre\u00a0 kok\u00ebrra\u00a0 molle\u00a0 t\u00eb\u00a0 vendosura\u00a0 n\u00eb\u00a0 kryqin\u00a0 e\u00a0 krijuar\u00a0 n\u00eb\u00a0 kok\u00ebn\u00a0 e\u00a0 flamurit. Moll\u00ebt\u00a0 jan\u00eb\u00a0 fruti\u00a0 i\u00a0 dashuris\u00eb\u00a0 dhe\u00a0 erotik\u00ebs\u00a0 q\u00eb\u00a0 ka\u00a0 origjin\u00ebn\u00a0 qysh\u00a0 nga\u00a0 interpretimi\u00a0 i\u00a0\u00a0 krijimit\u00a0 t\u00eb\u00a0 bot\u00ebs\u00a0 nga\u00a0 Adami\u00a0 dhe\u00a0 Eva. Fruti\u00a0 i\u00a0 dashuris\u00eb, molla\u00a0 \u00ebsht\u00eb\u00a0 simbol i\u00a0 prekur\u00a0 edhe\u00a0 nga\u00a0 vete\u00a0 Sokrati\u00a0 i\u00a0 madh. Kur\u00a0 Sokrati\u00a0 shkoi\u00a0 p\u00ebr\u00a0 t\u00eb\u00a0 marr\u00eb\u00a0 gruan\u00a0 e\u00a0 tij\u00a0 nuse, ai\u00a0 mbante\u00a0 n\u00eb\u00a0 dor\u00eb\u00a0 nj\u00eb\u00a0 moll\u00eb\u00a0 t\u00eb\u00a0 kuqe\u00a0 t\u00eb\u00a0 madhe.<\/span><\/p>[\/et_pb_accordion_item][et_pb_accordion_item title=&#8221;Kontributet&#8221; _builder_version=&#8221;4.24.0&#8243; _module_preset=&#8221;default&#8221; global_colors_info=&#8221;{}&#8221; open=&#8221;on&#8221;]<p style=\"text-align: justify;\"><span>The Aromanian minority has always made a distinguished contribution to Albanian society, and from this minority have emerged prominent figures in the fields of education, culture, science, sports, and more.<\/span><\/p>[\/et_pb_accordion_item][\/et_pb_accordion][et_pb_image src=&#8221;https:\/\/pakicatkombetare.al\/wp-content\/uploads\/2025\/06\/469378047_567830455891246_145145533925445350_n.jpg&#8221; _builder_version=&#8221;4.24.0&#8243; _module_preset=&#8221;default&#8221; z_index=&#8221;10&#8243; max_width=&#8221;64%&#8221; custom_margin=&#8221;96px|||34px|false|false&#8221; animation_style=&#8221;fade&#8221; animation_duration=&#8221;750ms&#8221; animation_delay=&#8221;250ms&#8221; scroll_fade=&#8221;0|25|25|59|0|100|100&#8243; border_width_all=&#8221;7px&#8221; border_color_all=&#8221;#FFFFFF&#8221; global_colors_info=&#8221;{}&#8221;][\/et_pb_image][et_pb_image src=&#8221;https:\/\/pakicatkombetare.al\/wp-content\/uploads\/2025\/06\/472761187_590306730310285_6841735979459002554_n.jpg&#8221; _builder_version=&#8221;4.24.0&#8243; _module_preset=&#8221;default&#8221; max_width=&#8221;59%&#8221; custom_margin=&#8221;-48px|30px||132px|false|false&#8221; animation_style=&#8221;fade&#8221; animation_duration=&#8221;750ms&#8221; animation_delay=&#8221;500ms&#8221; scroll_fade=&#8221;0|27|27|61|0|100|100&#8243; border_width_all=&#8221;7px&#8221; border_color_all=&#8221;#FFFFFF&#8221; global_colors_info=&#8221;{}&#8221;][\/et_pb_image][et_pb_image src=&#8221;https:\/\/pakicatkombetare.al\/wp-content\/uploads\/2025\/06\/489022465_1072069381633433_6288248801803739854_n.jpg&#8221; title_text=&#8221;489022465_1072069381633433_6288248801803739854_n&#8221; _builder_version=&#8221;4.24.0&#8243; _module_preset=&#8221;default&#8221; max_width=&#8221;69%&#8221; custom_margin=&#8221;-47px|||61px|false|false&#8221; animation_style=&#8221;fade&#8221; animation_duration=&#8221;750ms&#8221; animation_delay=&#8221;250ms&#8221; scroll_fade=&#8221;0|22|22|61|0|100|100&#8243; border_width_all=&#8221;7px&#8221; border_color_all=&#8221;#FFFFFF&#8221; global_colors_info=&#8221;{}&#8221;][\/et_pb_image][et_pb_image src=&#8221;https:\/\/pakicatkombetare.al\/wp-content\/uploads\/2025\/06\/472734184_590306856976939_6269102367651986914_n.jpg&#8221; _builder_version=&#8221;4.24.0&#8243; _module_preset=&#8221;default&#8221; max_width=&#8221;50%&#8221; custom_margin=&#8221;-53px|-174px||157px|false|false&#8221; animation_style=&#8221;fade&#8221; animation_duration=&#8221;750ms&#8221; animation_delay=&#8221;250ms&#8221; scroll_fade=&#8221;0|21|21|56|0|100|100&#8243; border_width_all=&#8221;7px&#8221; border_color_all=&#8221;#FFFFFF&#8221; global_colors_info=&#8221;{}&#8221;][\/et_pb_image][\/et_pb_column][et_pb_column type=&#8221;1_2&#8243; _builder_version=&#8221;4.27.4&#8243; _module_preset=&#8221;default&#8221; global_colors_info=&#8221;{}&#8221;][\/et_pb_column][\/et_pb_row][\/et_pb_section]","protected":false},"excerpt":{"rendered":"<p>Pakica Komb\u00ebtare ArumunePakica komb\u00ebtare arumune \u00ebsht\u00eb pjes\u00eb p\u00ebrb\u00ebr\u00ebse e\u00a0 popullit dhe e shtetit shqiptar. Ata kan\u00eb kontribuar pozitivisht n\u00eb historin\u00eb e shekujve t\u00eb fundit n\u00eb vendin ton\u00eb e ve\u00e7an\u00ebrisht n\u00eb Rilindjen Komb\u00ebtare dhe Pavarsin\u00eb e Shqip\u00ebris\u00eb. Pakica komb\u00ebtare arumune i p\u00ebrket besimit Orthodhoks. Nj\u00eb pjes\u00eb e madhe e arumun\u00ebve jan\u00eb plot\u00ebsisht t\u00eb asimiluar thjesht n\u00eb [&hellip;]<\/p>","protected":false},"author":1,"featured_media":0,"parent":0,"menu_order":0,"comment_status":"closed","ping_status":"closed","template":"","meta":{"_et_pb_use_builder":"on","_et_pb_old_content":"","_et_gb_content_width":"","footnotes":""},"dipi_cpt_category":[],"class_list":["post-210","page","type-page","status-publish","hentry"],"yoast_head":"<!-- This site is optimized with the Yoast SEO plugin v25.5 - https:\/\/yoast.com\/wordpress\/plugins\/seo\/ -->\n<title>Pakica Komb\u00ebtare Arumune - Pakicat Komb\u00ebtare n\u00eb Shqip\u00ebri<\/title>\n<meta name=\"description\" content=\"Pakica Komb\u00ebtare Arumune \u00ebsht\u00eb pjes\u00eb p\u00ebrb\u00ebr\u00ebse dhe me kontribute pozitive e popullit dhe e shtetit shqiptar.\" \/>\n<meta name=\"robots\" content=\"index, follow, max-snippet:-1, max-image-preview:large, max-video-preview:-1\" \/>\n<link rel=\"canonical\" href=\"https:\/\/pakicatkombetare.al\/en\/pakicat-kombetare-arumune\/\" \/>\n<meta property=\"og:locale\" content=\"en_US\" \/>\n<meta property=\"og:type\" content=\"article\" \/>\n<meta property=\"og:title\" content=\"Pakica Komb\u00ebtare Arumune - Pakicat Komb\u00ebtare n\u00eb Shqip\u00ebri\" \/>\n<meta property=\"og:description\" content=\"Pakica Komb\u00ebtare Arumune \u00ebsht\u00eb pjes\u00eb p\u00ebrb\u00ebr\u00ebse dhe me kontribute pozitive e popullit dhe e shtetit shqiptar.\" \/>\n<meta property=\"og:url\" content=\"https:\/\/pakicatkombetare.al\/en\/pakicat-kombetare-arumune\/\" \/>\n<meta property=\"og:site_name\" content=\"Pakicat Komb\u00ebtare n\u00eb Shqip\u00ebri\" \/>\n<meta property=\"article:modified_time\" content=\"2025-07-30T09:49:13+00:00\" \/>\n<meta name=\"twitter:card\" content=\"summary_large_image\" \/>\n<meta name=\"twitter:label1\" content=\"Est. reading time\" \/>\n\t<meta name=\"twitter:data1\" content=\"5 minutes\" \/>\n<script type=\"application\/ld+json\" class=\"yoast-schema-graph\">{\"@context\":\"https:\/\/schema.org\",\"@graph\":[{\"@type\":\"WebPage\",\"@id\":\"https:\/\/pakicatkombetare.al\/pakicat-kombetare-arumune\/\",\"url\":\"https:\/\/pakicatkombetare.al\/pakicat-kombetare-arumune\/\",\"name\":\"Pakica Komb\u00ebtare Arumune - Pakicat Komb\u00ebtare n\u00eb Shqip\u00ebri\",\"isPartOf\":{\"@id\":\"https:\/\/pakicatkombetare.al\/#website\"},\"datePublished\":\"2025-06-25T12:57:38+00:00\",\"dateModified\":\"2025-07-30T09:49:13+00:00\",\"description\":\"Pakica Komb\u00ebtare Arumune \u00ebsht\u00eb pjes\u00eb p\u00ebrb\u00ebr\u00ebse dhe me kontribute pozitive e popullit dhe e shtetit shqiptar.\",\"breadcrumb\":{\"@id\":\"https:\/\/pakicatkombetare.al\/pakicat-kombetare-arumune\/#breadcrumb\"},\"inLanguage\":\"en-US\",\"potentialAction\":[{\"@type\":\"ReadAction\",\"target\":[\"https:\/\/pakicatkombetare.al\/pakicat-kombetare-arumune\/\"]}]},{\"@type\":\"BreadcrumbList\",\"@id\":\"https:\/\/pakicatkombetare.al\/pakicat-kombetare-arumune\/#breadcrumb\",\"itemListElement\":[{\"@type\":\"ListItem\",\"position\":1,\"name\":\"Home\",\"item\":\"https:\/\/pakicatkombetare.al\/\"},{\"@type\":\"ListItem\",\"position\":2,\"name\":\"Pakicat Komb\u00ebtare Arumune\"}]},{\"@type\":\"WebSite\",\"@id\":\"https:\/\/pakicatkombetare.al\/#website\",\"url\":\"https:\/\/pakicatkombetare.al\/\",\"name\":\"Pakicat Komb\u00ebtare n\u00eb Shqip\u00ebri\",\"description\":\"\",\"potentialAction\":[{\"@type\":\"SearchAction\",\"target\":{\"@type\":\"EntryPoint\",\"urlTemplate\":\"https:\/\/pakicatkombetare.al\/?s={search_term_string}\"},\"query-input\":{\"@type\":\"PropertyValueSpecification\",\"valueRequired\":true,\"valueName\":\"search_term_string\"}}],\"inLanguage\":\"en-US\"}]}<\/script>\n<!-- \/ Yoast SEO plugin. -->","yoast_head_json":{"title":"Pakica Komb\u00ebtare Arumune - Pakicat Komb\u00ebtare n\u00eb Shqip\u00ebri","description":"Pakica Komb\u00ebtare Arumune \u00ebsht\u00eb pjes\u00eb p\u00ebrb\u00ebr\u00ebse dhe me kontribute pozitive e popullit dhe e shtetit shqiptar.","robots":{"index":"index","follow":"follow","max-snippet":"max-snippet:-1","max-image-preview":"max-image-preview:large","max-video-preview":"max-video-preview:-1"},"canonical":"https:\/\/pakicatkombetare.al\/en\/pakicat-kombetare-arumune\/","og_locale":"en_US","og_type":"article","og_title":"Pakica Komb\u00ebtare Arumune - Pakicat Komb\u00ebtare n\u00eb Shqip\u00ebri","og_description":"Pakica Komb\u00ebtare Arumune \u00ebsht\u00eb pjes\u00eb p\u00ebrb\u00ebr\u00ebse dhe me kontribute pozitive e popullit dhe e shtetit shqiptar.","og_url":"https:\/\/pakicatkombetare.al\/en\/pakicat-kombetare-arumune\/","og_site_name":"Pakicat Komb\u00ebtare n\u00eb Shqip\u00ebri","article_modified_time":"2025-07-30T09:49:13+00:00","twitter_card":"summary_large_image","twitter_misc":{"Est. reading time":"5 minutes"},"schema":{"@context":"https:\/\/schema.org","@graph":[{"@type":"WebPage","@id":"https:\/\/pakicatkombetare.al\/pakicat-kombetare-arumune\/","url":"https:\/\/pakicatkombetare.al\/pakicat-kombetare-arumune\/","name":"Pakica Komb\u00ebtare Arumune - Pakicat Komb\u00ebtare n\u00eb Shqip\u00ebri","isPartOf":{"@id":"https:\/\/pakicatkombetare.al\/#website"},"datePublished":"2025-06-25T12:57:38+00:00","dateModified":"2025-07-30T09:49:13+00:00","description":"Pakica Komb\u00ebtare Arumune \u00ebsht\u00eb pjes\u00eb p\u00ebrb\u00ebr\u00ebse dhe me kontribute pozitive e popullit dhe e shtetit shqiptar.","breadcrumb":{"@id":"https:\/\/pakicatkombetare.al\/pakicat-kombetare-arumune\/#breadcrumb"},"inLanguage":"en-US","potentialAction":[{"@type":"ReadAction","target":["https:\/\/pakicatkombetare.al\/pakicat-kombetare-arumune\/"]}]},{"@type":"BreadcrumbList","@id":"https:\/\/pakicatkombetare.al\/pakicat-kombetare-arumune\/#breadcrumb","itemListElement":[{"@type":"ListItem","position":1,"name":"Home","item":"https:\/\/pakicatkombetare.al\/"},{"@type":"ListItem","position":2,"name":"Pakicat Komb\u00ebtare Arumune"}]},{"@type":"WebSite","@id":"https:\/\/pakicatkombetare.al\/#website","url":"https:\/\/pakicatkombetare.al\/","name":"Pakicat Komb\u00ebtare n\u00eb Shqip\u00ebri","description":"","potentialAction":[{"@type":"SearchAction","target":{"@type":"EntryPoint","urlTemplate":"https:\/\/pakicatkombetare.al\/?s={search_term_string}"},"query-input":{"@type":"PropertyValueSpecification","valueRequired":true,"valueName":"search_term_string"}}],"inLanguage":"en-US"}]}},"rttpg_featured_image_url":null,"rttpg_author":{"display_name":"admin","author_link":"https:\/\/pakicatkombetare.al\/en\/author\/admin\/"},"rttpg_comment":0,"rttpg_category":false,"rttpg_excerpt":"Pakica Komb\u00ebtare ArumunePakica komb\u00ebtare arumune \u00ebsht\u00eb pjes\u00eb p\u00ebrb\u00ebr\u00ebse e\u00a0 popullit dhe e shtetit shqiptar. Ata kan\u00eb kontribuar pozitivisht n\u00eb historin\u00eb e shekujve t\u00eb fundit n\u00eb vendin ton\u00eb e ve\u00e7an\u00ebrisht n\u00eb Rilindjen Komb\u00ebtare dhe Pavarsin\u00eb e Shqip\u00ebris\u00eb. Pakica komb\u00ebtare arumune i p\u00ebrket besimit Orthodhoks. Nj\u00eb pjes\u00eb e madhe e arumun\u00ebve jan\u00eb plot\u00ebsisht t\u00eb asimiluar thjesht n\u00eb&hellip;","_links":{"self":[{"href":"https:\/\/pakicatkombetare.al\/en\/wp-json\/wp\/v2\/pages\/210","targetHints":{"allow":["GET"]}}],"collection":[{"href":"https:\/\/pakicatkombetare.al\/en\/wp-json\/wp\/v2\/pages"}],"about":[{"href":"https:\/\/pakicatkombetare.al\/en\/wp-json\/wp\/v2\/types\/page"}],"author":[{"embeddable":true,"href":"https:\/\/pakicatkombetare.al\/en\/wp-json\/wp\/v2\/users\/1"}],"replies":[{"embeddable":true,"href":"https:\/\/pakicatkombetare.al\/en\/wp-json\/wp\/v2\/comments?post=210"}],"version-history":[{"count":0,"href":"https:\/\/pakicatkombetare.al\/en\/wp-json\/wp\/v2\/pages\/210\/revisions"}],"wp:attachment":[{"href":"https:\/\/pakicatkombetare.al\/en\/wp-json\/wp\/v2\/media?parent=210"}],"wp:term":[{"taxonomy":"dipi_cpt_category","embeddable":true,"href":"https:\/\/pakicatkombetare.al\/en\/wp-json\/wp\/v2\/dipi_cpt_category?post=210"}],"curies":[{"name":"wp","href":"https:\/\/api.w.org\/{rel}","templated":true}]}}